{"id":99,"date":"2015-04-23T12:38:18","date_gmt":"2015-04-23T12:38:18","guid":{"rendered":"https:\/\/xml-io.proteusthemes.com\/cargopress\/?page_id=99"},"modified":"2025-04-30T03:42:06","modified_gmt":"2025-04-30T03:42:06","slug":"servicios-de-agencia-aduanal","status":"publish","type":"page","link":"https:\/\/www.ventusgl.com\/es\/servicios-de-logistica\/servicios-de-agencia-aduanal\/","title":{"rendered":"Servicios de Agencia Aduanal"},"content":{"rendered":"<div id=\"pl-99\"  class=\"panel-layout\" ><div id=\"pg-99-0\"  class=\"panel-grid panel-no-style\" ><div id=\"pgc-99-0-0\"  class=\"panel-grid-cell\" ><div id=\"panel-99-0-0-0\" class=\"so-panel widget widget_black-studio-tinymce widget_black_studio_tinymce panel-first-child panel-last-child\" data-index=\"0\" ><div class=\"textwidget\"><p>En <strong>Ventus Global Logistics<\/strong>, como agente aduanal de confianza tanto en M\u00e9xico como en EE. UU., ofrecemos servicios aduanales de alta calidad respaldados por tecnolog\u00eda de vanguardia.<\/p>\n<p>Gracias a nuestra experiencia y enfoque innovador, garantizamos un nivel \u00f3ptimo de gesti\u00f3n aduanera, asegurando el cumplimiento de todas las normativas locales e internacionales.<\/p>\n<p>Nuestra tecnolog\u00eda avanzada nos permite agilizar los procesos aduanales, minimizando riesgos y maximizando la eficiencia en cada transacci\u00f3n. Adem\u00e1s, nos permite mantener un compromiso con la seguridad en cada paso del proceso, brindando transparencia y control integral. <\/p>\n<p>Ya sea que necesite servicios de despacho aduanal o consultor\u00eda en cumplimiento normativo, Ventus Global Logistics est\u00e1 aqu\u00ed para ofrecerle soluciones personalizadas y eficaces. Trabajamos incansablemente para asegurar una liberaci\u00f3n aduanera r\u00e1pida, con el respaldo de nuestra experiencia y la m\u00e1s alta tecnolog\u00eda del mercado.<\/p>\n<p>Conf\u00ede en Ventus Global Logistics para sus necesidades aduaneras, <strong>en M\u00e9xico contamos con presencia en m\u00e1s de 30 aduanas, y en EE. UU. le brindamos el servicio en todo el pa\u00eds.<\/strong> Deje en nuestras manos el proceso de importaci\u00f3n y exportaci\u00f3n con la seguridad de que su mercanc\u00eda llegar\u00e1 a su destino de manera eficiente y sin contratiempos, adem\u00e1s de siempre estar puntualmente informado con nuestra APP Ventus Track.<\/p>\n<p><a class=\"btn    btn-info\" href=\"\/es\/contactenos\/\" target=\"_self\">SOLICITAR PRESUPUESTO<\/a><\/p>\n<\/div><\/div><\/div><div id=\"pgc-99-0-1\"  class=\"panel-grid-cell\" ><div id=\"panel-99-0-1-0\" class=\"so-panel widget widget_black-studio-tinymce widget_black_studio_tinymce panel-first-child panel-last-child\" data-index=\"1\" ><div class=\"textwidget\"><p><img loading=\"lazy\" decoding=\"async\" src=\"https:\/\/www.ventusgl.com\/es\/wp-content\/uploads\/2025\/03\/customs_clearance_services-300x200.jpg\" alt=\"SERVICIOS DE AGENCIA ADUANAL\" width=\"300\" height=\"200\" class=\"alignleft size-medium wp-image-1782\" srcset=\"https:\/\/www.ventusgl.com\/es\/wp-content\/uploads\/2025\/03\/customs_clearance_services-300x200.jpg 300w, https:\/\/www.ventusgl.com\/es\/wp-content\/uploads\/2025\/03\/customs_clearance_services-360x240.jpg 360w, https:\/\/www.ventusgl.com\/es\/wp-content\/uploads\/2025\/03\/customs_clearance_services.jpg 500w\" sizes=\"auto, (max-width: 300px) 100vw, 300px\" \/><\/p>\n<\/div><\/div><\/div><\/div><\/div>","protected":false},"excerpt":{"rendered":"<p>En Ventus Global Logistics, como agente aduanal de confianza tanto en M\u00e9xico como en EE. UU., ofrecemos servicios aduanales de alta calidad respaldados por tecnolog\u00eda de vanguardia. Gracias a nuestra experiencia y enfoque innovador, garantizamos un nivel \u00f3ptimo de gesti\u00f3n aduanera, asegurando el cumplimiento de todas las normativas locales e internacionales. Nuestra tecnolog\u00eda avanzada nos &hellip;<\/p>\n","protected":false},"author":1,"featured_media":734,"parent":76,"menu_order":0,"comment_status":"closed","ping_status":"open","template":"","meta":{"content-type":"","footnotes":""},"class_list":["post-99","page","type-page","status-publish","has-post-thumbnail","hentry"],"acf":[],"yoast_head":"<!-- This site is optimized with the Yoast SEO plugin v24.1 - https:\/\/yoast.com\/wordpress\/plugins\/seo\/ -->\n<title>Agencia Aduanal - Ventus Global Logistics<\/title>\n<meta name=\"description\" content=\"Servicios de agencia aduanal en M\u00e9xico y USA. Despacho \u00e1gil, cumplimiento normativo y tecnolog\u00eda avanzada. \u00a1Ventus Global Logistics, tu socio confiable!\" \/>\n<meta name=\"robots\" content=\"index, follow, max-snippet:-1, max-image-preview:large, max-video-preview:-1\" \/>\n<link rel=\"canonical\" href=\"https:\/\/www.ventusgl.com\/es\/servicios-de-logistica\/servicios-de-agencia-aduanal\/\" \/>\n<meta property=\"og:locale\" content=\"en_US\" \/>\n<meta property=\"og:type\" content=\"article\" \/>\n<meta property=\"og:title\" content=\"Agencia Aduanal - Ventus Global Logistics\" \/>\n<meta property=\"og:description\" content=\"Servicios de agencia aduanal en M\u00e9xico y USA. Despacho \u00e1gil, cumplimiento normativo y tecnolog\u00eda avanzada. \u00a1Ventus Global Logistics, tu socio confiable!\" \/>\n<meta property=\"og:url\" content=\"https:\/\/www.ventusgl.com\/es\/servicios-de-logistica\/servicios-de-agencia-aduanal\/\" \/>\n<meta property=\"og:site_name\" content=\"Ventus Global Logistics\" \/>\n<meta property=\"article:modified_time\" content=\"2025-04-30T03:42:06+00:00\" \/>\n<meta property=\"og:image\" content=\"https:\/\/www.ventusgl.com\/es\/wp-content\/uploads\/2018\/11\/customs-brokerage.jpg\" \/>\n\t<meta property=\"og:image:width\" content=\"848\" \/>\n\t<meta property=\"og:image:height\" content=\"480\" \/>\n\t<meta property=\"og:image:type\" content=\"image\/jpeg\" \/>\n<meta name=\"twitter:card\" content=\"summary_large_image\" \/>\n<meta name=\"twitter:label1\" content=\"Est. reading time\" \/>\n\t<meta name=\"twitter:data1\" content=\"2 minutes\" \/>\n<!-- \/ Yoast SEO plugin. -->","yoast_head_json":{"title":"Agencia Aduanal - Ventus Global Logistics","description":"Servicios de agencia aduanal en M\u00e9xico y USA. Despacho \u00e1gil, cumplimiento normativo y tecnolog\u00eda avanzada. \u00a1Ventus Global Logistics, tu socio confiable!","robots":{"index":"index","follow":"follow","max-snippet":"max-snippet:-1","max-image-preview":"max-image-preview:large","max-video-preview":"max-video-preview:-1"},"canonical":"https:\/\/www.ventusgl.com\/es\/servicios-de-logistica\/servicios-de-agencia-aduanal\/","og_locale":"en_US","og_type":"article","og_title":"Agencia Aduanal - Ventus Global Logistics","og_description":"Servicios de agencia aduanal en M\u00e9xico y USA. Despacho \u00e1gil, cumplimiento normativo y tecnolog\u00eda avanzada. \u00a1Ventus Global Logistics, tu socio confiable!","og_url":"https:\/\/www.ventusgl.com\/es\/servicios-de-logistica\/servicios-de-agencia-aduanal\/","og_site_name":"Ventus Global Logistics","article_modified_time":"2025-04-30T03:42:06+00:00","og_image":[{"width":848,"height":480,"url":"https:\/\/www.ventusgl.com\/es\/wp-content\/uploads\/2018\/11\/customs-brokerage.jpg","type":"image\/jpeg"}],"twitter_card":"summary_large_image","twitter_misc":{"Est. reading time":"2 minutes"},"schema":{"@context":"https:\/\/schema.org","@graph":[{"@type":"WebPage","@id":"https:\/\/www.ventusgl.com\/es\/servicios-de-logistica\/servicios-de-agencia-aduanal\/","url":"https:\/\/www.ventusgl.com\/es\/servicios-de-logistica\/servicios-de-agencia-aduanal\/","name":"Agencia Aduanal - Ventus Global Logistics","isPartOf":{"@id":"https:\/\/www.ventusgl.com\/es\/#website"},"primaryImageOfPage":{"@id":"https:\/\/www.ventusgl.com\/es\/servicios-de-logistica\/servicios-de-agencia-aduanal\/#primaryimage"},"image":{"@id":"https:\/\/www.ventusgl.com\/es\/servicios-de-logistica\/servicios-de-agencia-aduanal\/#primaryimage"},"thumbnailUrl":"https:\/\/www.ventusgl.com\/es\/wp-content\/uploads\/2018\/11\/customs-brokerage.jpg","datePublished":"2015-04-23T12:38:18+00:00","dateModified":"2025-04-30T03:42:06+00:00","description":"Servicios de agencia aduanal en M\u00e9xico y USA. Despacho \u00e1gil, cumplimiento normativo y tecnolog\u00eda avanzada. \u00a1Ventus Global Logistics, tu socio confiable!","breadcrumb":{"@id":"https:\/\/www.ventusgl.com\/es\/servicios-de-logistica\/servicios-de-agencia-aduanal\/#breadcrumb"},"inLanguage":"en","potentialAction":[{"@type":"ReadAction","target":["https:\/\/www.ventusgl.com\/es\/servicios-de-logistica\/servicios-de-agencia-aduanal\/"]}]},{"@type":"ImageObject","inLanguage":"en","@id":"https:\/\/www.ventusgl.com\/es\/servicios-de-logistica\/servicios-de-agencia-aduanal\/#primaryimage","url":"https:\/\/www.ventusgl.com\/es\/wp-content\/uploads\/2018\/11\/customs-brokerage.jpg","contentUrl":"https:\/\/www.ventusgl.com\/es\/wp-content\/uploads\/2018\/11\/customs-brokerage.jpg","width":848,"height":480,"caption":"seguimiento log\u00edstico"},{"@type":"BreadcrumbList","@id":"https:\/\/www.ventusgl.com\/es\/servicios-de-logistica\/servicios-de-agencia-aduanal\/#breadcrumb","itemListElement":[{"@type":"ListItem","position":1,"name":"Home","item":"https:\/\/www.ventusgl.com\/es\/"},{"@type":"ListItem","position":2,"name":"Nuestros Servicios","item":"https:\/\/www.ventusgl.com\/es\/servicios-de-logistica\/"},{"@type":"ListItem","position":3,"name":"Servicios de Agencia Aduanal"}]},{"@type":"WebSite","@id":"https:\/\/www.ventusgl.com\/es\/#website","url":"https:\/\/www.ventusgl.com\/es\/","name":"Ventus Global Logistics","description":"Let's Drive Your Business | ISO-9001-2015","potentialAction":[{"@type":"SearchAction","target":{"@type":"EntryPoint","urlTemplate":"https:\/\/www.ventusgl.com\/es\/?s={search_term_string}"},"query-input":{"@type":"PropertyValueSpecification","valueRequired":true,"valueName":"search_term_string"}}],"inLanguage":"en"}]}},"_links":{"self":[{"href":"https:\/\/www.ventusgl.com\/es\/wp-json\/wp\/v2\/pages\/99","targetHints":{"allow":["GET"]}}],"collection":[{"href":"https:\/\/www.ventusgl.com\/es\/wp-json\/wp\/v2\/pages"}],"about":[{"href":"https:\/\/www.ventusgl.com\/es\/wp-json\/wp\/v2\/types\/page"}],"author":[{"embeddable":true,"href":"https:\/\/www.ventusgl.com\/es\/wp-json\/wp\/v2\/users\/1"}],"replies":[{"embeddable":true,"href":"https:\/\/www.ventusgl.com\/es\/wp-json\/wp\/v2\/comments?post=99"}],"version-history":[{"count":26,"href":"https:\/\/www.ventusgl.com\/es\/wp-json\/wp\/v2\/pages\/99\/revisions"}],"predecessor-version":[{"id":1844,"href":"https:\/\/www.ventusgl.com\/es\/wp-json\/wp\/v2\/pages\/99\/revisions\/1844"}],"up":[{"embeddable":true,"href":"https:\/\/www.ventusgl.com\/es\/wp-json\/wp\/v2\/pages\/76"}],"wp:featuredmedia":[{"embeddable":true,"href":"https:\/\/www.ventusgl.com\/es\/wp-json\/wp\/v2\/media\/734"}],"wp:attachment":[{"href":"https:\/\/www.ventusgl.com\/es\/wp-json\/wp\/v2\/media?parent=99"}],"curies":[{"name":"wp","href":"https:\/\/api.w.org\/{rel}","templated":true}]}}