{"id":97,"date":"2015-04-23T12:33:55","date_gmt":"2015-04-23T12:33:55","guid":{"rendered":"https:\/\/xml-io.proteusthemes.com\/cargopress\/?page_id=97"},"modified":"2025-04-30T03:43:30","modified_gmt":"2025-04-30T03:43:30","slug":"3pl-centros-de-consolidacion-y-distribucion","status":"publish","type":"page","link":"https:\/\/www.ventusgl.com\/es\/servicios-de-logistica\/3pl-centros-de-consolidacion-y-distribucion\/","title":{"rendered":"3PL CENTROS  DE CONSOLIDACI\u00d3N Y DISTRIBUCI\u00d3N"},"content":{"rendered":"<div id=\"pl-97\"  class=\"panel-layout\" ><div id=\"pg-97-0\"  class=\"panel-grid panel-no-style\" ><div id=\"pgc-97-0-0\"  class=\"panel-grid-cell\" ><div id=\"panel-97-0-0-0\" class=\"so-panel widget widget_black-studio-tinymce widget_black_studio_tinymce panel-first-child panel-last-child\" data-index=\"0\" ><div class=\"textwidget\"><p>En <strong>Ventus Global Logistics<\/strong>, como empresa 3PL l\u00edder, contamos con centros de consolidaci\u00f3n y distribuci\u00f3n de mercanc\u00edas respaldados por tecnolog\u00eda, permitiendo ofrecer un control total en tiempo real maximizando la eficiencia operativa. Mediante uso de tecnolog\u00edas Big Data nos permite brindarle reportes y KPIs para la mejor toma de decisiones.<\/p>\n<p>Nuestros <strong>centros de consolidaci\u00f3n y distribuci\u00f3n en Laredo, TX, y Monterrey, NL,<\/strong> est\u00e1n equipados con tecnolog\u00eda de picking automatizado, lo que reduce significativamente los tiempos de procesamiento y mejora la eficiencia operativa.<\/p>\n<h2>Servicios:<\/h2>\n<ul>\n<li>Almacenaje, Consolidaci\u00f3n y Distribuci\u00f3n, Pick and Pack<\/li>\n<li>Operaciones bajo IMMEX de Servicio<\/li>\n<li>Gesti\u00f3n de Inventarios<\/li>\n<li>Empaque y Reempaque <\/li>\n<li>Maquilado de Producto <\/li>\n<li>Etiquetado <\/li>\n<li>Distribuci\u00f3n Nacional e Internacional<\/li>\n<li>Servicio Cross Dock <\/li>\n<li>Rastreabilidad de embarques en l\u00ednea <\/li>\n<li>APP Ventus Track<\/li>\n<\/ul>\n<p>Solicite hoy mismo una cotizaci\u00f3n gratuita y descubra c\u00f3mo nuestras soluciones de almacenamiento y distribuci\u00f3n, respaldadas por tecnolog\u00eda de vanguardia, pueden optimizar su cadena de suministro.<\/p>\n<p><a class=\"btn    btn-info\" href=\"\/es\/contactenos\/\" target=\"_self\">SOLICITAR PRESUPUESTO<\/a><\/p>\n<\/div><\/div><\/div><div id=\"pgc-97-0-1\"  class=\"panel-grid-cell\" ><div id=\"panel-97-0-1-0\" class=\"so-panel widget widget_black-studio-tinymce widget_black_studio_tinymce panel-first-child panel-last-child\" data-index=\"1\" ><div class=\"textwidget\"><p><img loading=\"lazy\" decoding=\"async\" src=\"http:\/\/ventusgl.com\/es\/wp-content\/uploads\/2018\/11\/distribution-center.jpg\" alt=\"distribution center\" width=\"848\" height=\"480\" class=\"alignnone size-full wp-image-737\" srcset=\"https:\/\/www.ventusgl.com\/es\/wp-content\/uploads\/2018\/11\/distribution-center.jpg 848w, https:\/\/www.ventusgl.com\/es\/wp-content\/uploads\/2018\/11\/distribution-center-300x170.jpg 300w, https:\/\/www.ventusgl.com\/es\/wp-content\/uploads\/2018\/11\/distribution-center-768x435.jpg 768w, https:\/\/www.ventusgl.com\/es\/wp-content\/uploads\/2018\/11\/distribution-center-360x204.jpg 360w\" sizes=\"auto, (max-width: 848px) 100vw, 848px\" \/><\/p>\n<\/div><\/div><\/div><\/div><\/div>","protected":false},"excerpt":{"rendered":"<p>En Ventus Global Logistics, como empresa 3PL l\u00edder, contamos con centros de consolidaci\u00f3n y distribuci\u00f3n de mercanc\u00edas respaldados por tecnolog\u00eda, permitiendo ofrecer un control total en tiempo real maximizando la eficiencia operativa. Mediante uso de tecnolog\u00edas Big Data nos permite brindarle reportes y KPIs para la mejor toma de decisiones. Nuestros centros de consolidaci\u00f3n y &hellip;<\/p>\n","protected":false},"author":1,"featured_media":737,"parent":76,"menu_order":0,"comment_status":"closed","ping_status":"open","template":"","meta":{"content-type":"","footnotes":""},"class_list":["post-97","page","type-page","status-publish","has-post-thumbnail","hentry"],"acf":[],"yoast_head":"<!-- This site is optimized with the Yoast SEO plugin v24.1 - https:\/\/yoast.com\/wordpress\/plugins\/seo\/ -->\n<title>3PL Centros de Consolidaci\u00f3n y Distribuci\u00f3n Laredo y Monterrey - Ventus Global Logistics<\/title>\n<meta name=\"description\" content=\"Centros 3PL: consolidaci\u00f3n y distribuci\u00f3n eficiente. Optimiza tu cadena de suministro con soluciones log\u00edsticas a medida. \u00a1Ventus Global Logistics, tu aliado!\" \/>\n<meta name=\"robots\" content=\"index, follow, max-snippet:-1, max-image-preview:large, max-video-preview:-1\" \/>\n<link rel=\"canonical\" href=\"https:\/\/www.ventusgl.com\/es\/servicios-de-logistica\/3pl-centros-de-consolidacion-y-distribucion\/\" \/>\n<meta property=\"og:locale\" content=\"en_US\" \/>\n<meta property=\"og:type\" content=\"article\" \/>\n<meta property=\"og:title\" content=\"3PL Centros de Consolidaci\u00f3n y Distribuci\u00f3n Laredo y Monterrey - Ventus Global Logistics\" \/>\n<meta property=\"og:description\" content=\"Centros 3PL: consolidaci\u00f3n y distribuci\u00f3n eficiente. Optimiza tu cadena de suministro con soluciones log\u00edsticas a medida. \u00a1Ventus Global Logistics, tu aliado!\" \/>\n<meta property=\"og:url\" content=\"https:\/\/www.ventusgl.com\/es\/servicios-de-logistica\/3pl-centros-de-consolidacion-y-distribucion\/\" \/>\n<meta property=\"og:site_name\" content=\"Ventus Global Logistics\" \/>\n<meta property=\"article:modified_time\" content=\"2025-04-30T03:43:30+00:00\" \/>\n<meta property=\"og:image\" content=\"https:\/\/www.ventusgl.com\/es\/wp-content\/uploads\/2018\/11\/distribution-center.jpg\" \/>\n\t<meta property=\"og:image:width\" content=\"848\" \/>\n\t<meta property=\"og:image:height\" content=\"480\" \/>\n\t<meta property=\"og:image:type\" content=\"image\/jpeg\" \/>\n<meta name=\"twitter:card\" content=\"summary_large_image\" \/>\n<meta name=\"twitter:label1\" content=\"Est. reading time\" \/>\n\t<meta name=\"twitter:data1\" content=\"2 minutes\" \/>\n<!-- \/ Yoast SEO plugin. -->","yoast_head_json":{"title":"3PL Centros de Consolidaci\u00f3n y Distribuci\u00f3n Laredo y Monterrey - Ventus Global Logistics","description":"Centros 3PL: consolidaci\u00f3n y distribuci\u00f3n eficiente. Optimiza tu cadena de suministro con soluciones log\u00edsticas a medida. \u00a1Ventus Global Logistics, tu aliado!","robots":{"index":"index","follow":"follow","max-snippet":"max-snippet:-1","max-image-preview":"max-image-preview:large","max-video-preview":"max-video-preview:-1"},"canonical":"https:\/\/www.ventusgl.com\/es\/servicios-de-logistica\/3pl-centros-de-consolidacion-y-distribucion\/","og_locale":"en_US","og_type":"article","og_title":"3PL Centros de Consolidaci\u00f3n y Distribuci\u00f3n Laredo y Monterrey - Ventus Global Logistics","og_description":"Centros 3PL: consolidaci\u00f3n y distribuci\u00f3n eficiente. Optimiza tu cadena de suministro con soluciones log\u00edsticas a medida. \u00a1Ventus Global Logistics, tu aliado!","og_url":"https:\/\/www.ventusgl.com\/es\/servicios-de-logistica\/3pl-centros-de-consolidacion-y-distribucion\/","og_site_name":"Ventus Global Logistics","article_modified_time":"2025-04-30T03:43:30+00:00","og_image":[{"width":848,"height":480,"url":"https:\/\/www.ventusgl.com\/es\/wp-content\/uploads\/2018\/11\/distribution-center.jpg","type":"image\/jpeg"}],"twitter_card":"summary_large_image","twitter_misc":{"Est. reading time":"2 minutes"},"schema":{"@context":"https:\/\/schema.org","@graph":[{"@type":"WebPage","@id":"https:\/\/www.ventusgl.com\/es\/servicios-de-logistica\/3pl-centros-de-consolidacion-y-distribucion\/","url":"https:\/\/www.ventusgl.com\/es\/servicios-de-logistica\/3pl-centros-de-consolidacion-y-distribucion\/","name":"3PL Centros de Consolidaci\u00f3n y Distribuci\u00f3n Laredo y Monterrey - Ventus Global Logistics","isPartOf":{"@id":"https:\/\/www.ventusgl.com\/es\/#website"},"primaryImageOfPage":{"@id":"https:\/\/www.ventusgl.com\/es\/servicios-de-logistica\/3pl-centros-de-consolidacion-y-distribucion\/#primaryimage"},"image":{"@id":"https:\/\/www.ventusgl.com\/es\/servicios-de-logistica\/3pl-centros-de-consolidacion-y-distribucion\/#primaryimage"},"thumbnailUrl":"https:\/\/www.ventusgl.com\/es\/wp-content\/uploads\/2018\/11\/distribution-center.jpg","datePublished":"2015-04-23T12:33:55+00:00","dateModified":"2025-04-30T03:43:30+00:00","description":"Centros 3PL: consolidaci\u00f3n y distribuci\u00f3n eficiente. Optimiza tu cadena de suministro con soluciones log\u00edsticas a medida. \u00a1Ventus Global Logistics, tu aliado!","breadcrumb":{"@id":"https:\/\/www.ventusgl.com\/es\/servicios-de-logistica\/3pl-centros-de-consolidacion-y-distribucion\/#breadcrumb"},"inLanguage":"en","potentialAction":[{"@type":"ReadAction","target":["https:\/\/www.ventusgl.com\/es\/servicios-de-logistica\/3pl-centros-de-consolidacion-y-distribucion\/"]}]},{"@type":"ImageObject","inLanguage":"en","@id":"https:\/\/www.ventusgl.com\/es\/servicios-de-logistica\/3pl-centros-de-consolidacion-y-distribucion\/#primaryimage","url":"https:\/\/www.ventusgl.com\/es\/wp-content\/uploads\/2018\/11\/distribution-center.jpg","contentUrl":"https:\/\/www.ventusgl.com\/es\/wp-content\/uploads\/2018\/11\/distribution-center.jpg","width":848,"height":480,"caption":"distribution center"},{"@type":"BreadcrumbList","@id":"https:\/\/www.ventusgl.com\/es\/servicios-de-logistica\/3pl-centros-de-consolidacion-y-distribucion\/#breadcrumb","itemListElement":[{"@type":"ListItem","position":1,"name":"Home","item":"https:\/\/www.ventusgl.com\/es\/"},{"@type":"ListItem","position":2,"name":"Nuestros Servicios","item":"https:\/\/www.ventusgl.com\/es\/servicios-de-logistica\/"},{"@type":"ListItem","position":3,"name":"3PL CENTROS DE CONSOLIDACI\u00d3N Y DISTRIBUCI\u00d3N"}]},{"@type":"WebSite","@id":"https:\/\/www.ventusgl.com\/es\/#website","url":"https:\/\/www.ventusgl.com\/es\/","name":"Ventus Global Logistics","description":"Let's Drive Your Business | ISO-9001-2015","potentialAction":[{"@type":"SearchAction","target":{"@type":"EntryPoint","urlTemplate":"https:\/\/www.ventusgl.com\/es\/?s={search_term_string}"},"query-input":{"@type":"PropertyValueSpecification","valueRequired":true,"valueName":"search_term_string"}}],"inLanguage":"en"}]}},"_links":{"self":[{"href":"https:\/\/www.ventusgl.com\/es\/wp-json\/wp\/v2\/pages\/97","targetHints":{"allow":["GET"]}}],"collection":[{"href":"https:\/\/www.ventusgl.com\/es\/wp-json\/wp\/v2\/pages"}],"about":[{"href":"https:\/\/www.ventusgl.com\/es\/wp-json\/wp\/v2\/types\/page"}],"author":[{"embeddable":true,"href":"https:\/\/www.ventusgl.com\/es\/wp-json\/wp\/v2\/users\/1"}],"replies":[{"embeddable":true,"href":"https:\/\/www.ventusgl.com\/es\/wp-json\/wp\/v2\/comments?post=97"}],"version-history":[{"count":13,"href":"https:\/\/www.ventusgl.com\/es\/wp-json\/wp\/v2\/pages\/97\/revisions"}],"predecessor-version":[{"id":1846,"href":"https:\/\/www.ventusgl.com\/es\/wp-json\/wp\/v2\/pages\/97\/revisions\/1846"}],"up":[{"embeddable":true,"href":"https:\/\/www.ventusgl.com\/es\/wp-json\/wp\/v2\/pages\/76"}],"wp:featuredmedia":[{"embeddable":true,"href":"https:\/\/www.ventusgl.com\/es\/wp-json\/wp\/v2\/media\/737"}],"wp:attachment":[{"href":"https:\/\/www.ventusgl.com\/es\/wp-json\/wp\/v2\/media?parent=97"}],"curies":[{"name":"wp","href":"https:\/\/api.w.org\/{rel}","templated":true}]}}