{"id":95,"date":"2015-04-23T12:32:53","date_gmt":"2015-04-23T12:32:53","guid":{"rendered":"https:\/\/xml-io.proteusthemes.com\/cargopress\/?page_id=95"},"modified":"2025-04-30T03:42:47","modified_gmt":"2025-04-30T03:42:47","slug":"servicios-de-transporte-internacional","status":"publish","type":"page","link":"https:\/\/www.ventusgl.com\/es\/servicios-de-logistica\/servicios-de-transporte-internacional\/","title":{"rendered":"SERVICIOS DE TRANSPORTE INTERNACIONAL"},"content":{"rendered":"<div id=\"pl-95\"  class=\"panel-layout\" ><div id=\"pg-95-0\"  class=\"panel-grid panel-no-style\" ><div id=\"pgc-95-0-0\"  class=\"panel-grid-cell\" ><div id=\"panel-95-0-0-0\" class=\"so-panel widget widget_black-studio-tinymce widget_black_studio_tinymce panel-first-child panel-last-child\" data-index=\"0\" ><div class=\"textwidget\"><p>En <strong>Ventus Global Logistics<\/strong>, ofrecemos soluciones de transporte internacional para mercanc\u00edas de exportaci\u00f3n e importaci\u00f3n v\u00eda terrestre,  mar\u00edtima o a\u00e9rea. Optimice su cadena de suministro con procesos inteligentes, transparentes y seguros, asegurando que sus env\u00edos lleguen a su destino de manera r\u00e1pida y eficiente, sin importar el medio de transporte.<\/p>\n<p>Conf\u00ede en nosotros para llevar su log\u00edstica global a un nuevo nivel de innovaci\u00f3n y fiabilidad.<\/p>\n<p><a class=\"btn    btn-info\" href=\"\/es\/contactenos\/\" target=\"_self\">SOLICITAR PRESUPUESTO<\/a><\/p>\n<\/div><\/div><\/div><div id=\"pgc-95-0-1\"  class=\"panel-grid-cell\" ><div id=\"panel-95-0-1-0\" class=\"so-panel widget widget_black-studio-tinymce widget_black_studio_tinymce panel-first-child panel-last-child\" data-index=\"1\" ><div class=\"textwidget\"><p><img loading=\"lazy\" decoding=\"async\" src=\"http:\/\/ventusgl.com\/es\/wp-content\/uploads\/2018\/11\/forwarding-services.jpg\" alt=\"land sea and air transportation\" width=\"625\" height=\"417\" class=\"alignnone size-full wp-image-739\" srcset=\"https:\/\/www.ventusgl.com\/es\/wp-content\/uploads\/2018\/11\/forwarding-services.jpg 625w, https:\/\/www.ventusgl.com\/es\/wp-content\/uploads\/2018\/11\/forwarding-services-300x200.jpg 300w, https:\/\/www.ventusgl.com\/es\/wp-content\/uploads\/2018\/11\/forwarding-services-360x240.jpg 360w\" sizes=\"auto, (max-width: 625px) 100vw, 625px\" \/><\/p>\n<\/div><\/div><\/div><\/div><\/div>","protected":false},"excerpt":{"rendered":"<p>En Ventus Global Logistics, ofrecemos soluciones de transporte internacional para mercanc\u00edas de exportaci\u00f3n e importaci\u00f3n v\u00eda terrestre, mar\u00edtima o a\u00e9rea. Optimice su cadena de suministro con procesos inteligentes, transparentes y seguros, asegurando que sus env\u00edos lleguen a su destino de manera r\u00e1pida y eficiente, sin importar el medio de transporte. Conf\u00ede en nosotros para llevar &hellip;<\/p>\n","protected":false},"author":1,"featured_media":739,"parent":76,"menu_order":0,"comment_status":"closed","ping_status":"open","template":"","meta":{"content-type":"","footnotes":""},"class_list":["post-95","page","type-page","status-publish","has-post-thumbnail","hentry"],"acf":[],"yoast_head":"<!-- This site is optimized with the Yoast SEO plugin v24.1 - https:\/\/yoast.com\/wordpress\/plugins\/seo\/ -->\n<title>Transporte Internacional - Ventus Global Logistics<\/title>\n<meta name=\"description\" content=\"Servicios de transporte internacional: a\u00e9reo, mar\u00edtimo y terrestre. Log\u00edstica global eficiente y segura. \u00a1Conecta tu negocio con el mundo!\" \/>\n<meta name=\"robots\" content=\"index, follow, max-snippet:-1, max-image-preview:large, max-video-preview:-1\" \/>\n<link rel=\"canonical\" href=\"https:\/\/www.ventusgl.com\/es\/servicios-de-logistica\/servicios-de-transporte-internacional\/\" \/>\n<meta property=\"og:locale\" content=\"en_US\" \/>\n<meta property=\"og:type\" content=\"article\" \/>\n<meta property=\"og:title\" content=\"Transporte Internacional - Ventus Global Logistics\" \/>\n<meta property=\"og:description\" content=\"Servicios de transporte internacional: a\u00e9reo, mar\u00edtimo y terrestre. Log\u00edstica global eficiente y segura. \u00a1Conecta tu negocio con el mundo!\" \/>\n<meta property=\"og:url\" content=\"https:\/\/www.ventusgl.com\/es\/servicios-de-logistica\/servicios-de-transporte-internacional\/\" \/>\n<meta property=\"og:site_name\" content=\"Ventus Global Logistics\" \/>\n<meta property=\"article:modified_time\" content=\"2025-04-30T03:42:47+00:00\" \/>\n<meta property=\"og:image\" content=\"https:\/\/www.ventusgl.com\/es\/wp-content\/uploads\/2018\/11\/forwarding-services.jpg\" \/>\n\t<meta property=\"og:image:width\" content=\"625\" \/>\n\t<meta property=\"og:image:height\" content=\"417\" \/>\n\t<meta property=\"og:image:type\" content=\"image\/jpeg\" \/>\n<meta name=\"twitter:card\" content=\"summary_large_image\" \/>\n<meta name=\"twitter:label1\" content=\"Est. reading time\" \/>\n\t<meta name=\"twitter:data1\" content=\"1 minute\" \/>\n<!-- \/ Yoast SEO plugin. -->","yoast_head_json":{"title":"Transporte Internacional - Ventus Global Logistics","description":"Servicios de transporte internacional: a\u00e9reo, mar\u00edtimo y terrestre. Log\u00edstica global eficiente y segura. \u00a1Conecta tu negocio con el mundo!","robots":{"index":"index","follow":"follow","max-snippet":"max-snippet:-1","max-image-preview":"max-image-preview:large","max-video-preview":"max-video-preview:-1"},"canonical":"https:\/\/www.ventusgl.com\/es\/servicios-de-logistica\/servicios-de-transporte-internacional\/","og_locale":"en_US","og_type":"article","og_title":"Transporte Internacional - Ventus Global Logistics","og_description":"Servicios de transporte internacional: a\u00e9reo, mar\u00edtimo y terrestre. Log\u00edstica global eficiente y segura. \u00a1Conecta tu negocio con el mundo!","og_url":"https:\/\/www.ventusgl.com\/es\/servicios-de-logistica\/servicios-de-transporte-internacional\/","og_site_name":"Ventus Global Logistics","article_modified_time":"2025-04-30T03:42:47+00:00","og_image":[{"width":625,"height":417,"url":"https:\/\/www.ventusgl.com\/es\/wp-content\/uploads\/2018\/11\/forwarding-services.jpg","type":"image\/jpeg"}],"twitter_card":"summary_large_image","twitter_misc":{"Est. reading time":"1 minute"},"schema":{"@context":"https:\/\/schema.org","@graph":[{"@type":"WebPage","@id":"https:\/\/www.ventusgl.com\/es\/servicios-de-logistica\/servicios-de-transporte-internacional\/","url":"https:\/\/www.ventusgl.com\/es\/servicios-de-logistica\/servicios-de-transporte-internacional\/","name":"Transporte Internacional - Ventus Global Logistics","isPartOf":{"@id":"https:\/\/www.ventusgl.com\/es\/#website"},"primaryImageOfPage":{"@id":"https:\/\/www.ventusgl.com\/es\/servicios-de-logistica\/servicios-de-transporte-internacional\/#primaryimage"},"image":{"@id":"https:\/\/www.ventusgl.com\/es\/servicios-de-logistica\/servicios-de-transporte-internacional\/#primaryimage"},"thumbnailUrl":"https:\/\/www.ventusgl.com\/es\/wp-content\/uploads\/2018\/11\/forwarding-services.jpg","datePublished":"2015-04-23T12:32:53+00:00","dateModified":"2025-04-30T03:42:47+00:00","description":"Servicios de transporte internacional: a\u00e9reo, mar\u00edtimo y terrestre. Log\u00edstica global eficiente y segura. \u00a1Conecta tu negocio con el mundo!","breadcrumb":{"@id":"https:\/\/www.ventusgl.com\/es\/servicios-de-logistica\/servicios-de-transporte-internacional\/#breadcrumb"},"inLanguage":"en","potentialAction":[{"@type":"ReadAction","target":["https:\/\/www.ventusgl.com\/es\/servicios-de-logistica\/servicios-de-transporte-internacional\/"]}]},{"@type":"ImageObject","inLanguage":"en","@id":"https:\/\/www.ventusgl.com\/es\/servicios-de-logistica\/servicios-de-transporte-internacional\/#primaryimage","url":"https:\/\/www.ventusgl.com\/es\/wp-content\/uploads\/2018\/11\/forwarding-services.jpg","contentUrl":"https:\/\/www.ventusgl.com\/es\/wp-content\/uploads\/2018\/11\/forwarding-services.jpg","width":625,"height":417,"caption":"land sea and air transportation"},{"@type":"BreadcrumbList","@id":"https:\/\/www.ventusgl.com\/es\/servicios-de-logistica\/servicios-de-transporte-internacional\/#breadcrumb","itemListElement":[{"@type":"ListItem","position":1,"name":"Home","item":"https:\/\/www.ventusgl.com\/es\/"},{"@type":"ListItem","position":2,"name":"Nuestros Servicios","item":"https:\/\/www.ventusgl.com\/es\/servicios-de-logistica\/"},{"@type":"ListItem","position":3,"name":"SERVICIOS DE TRANSPORTE INTERNACIONAL"}]},{"@type":"WebSite","@id":"https:\/\/www.ventusgl.com\/es\/#website","url":"https:\/\/www.ventusgl.com\/es\/","name":"Ventus Global Logistics","description":"Let's Drive Your Business | ISO-9001-2015","potentialAction":[{"@type":"SearchAction","target":{"@type":"EntryPoint","urlTemplate":"https:\/\/www.ventusgl.com\/es\/?s={search_term_string}"},"query-input":{"@type":"PropertyValueSpecification","valueRequired":true,"valueName":"search_term_string"}}],"inLanguage":"en"}]}},"_links":{"self":[{"href":"https:\/\/www.ventusgl.com\/es\/wp-json\/wp\/v2\/pages\/95","targetHints":{"allow":["GET"]}}],"collection":[{"href":"https:\/\/www.ventusgl.com\/es\/wp-json\/wp\/v2\/pages"}],"about":[{"href":"https:\/\/www.ventusgl.com\/es\/wp-json\/wp\/v2\/types\/page"}],"author":[{"embeddable":true,"href":"https:\/\/www.ventusgl.com\/es\/wp-json\/wp\/v2\/users\/1"}],"replies":[{"embeddable":true,"href":"https:\/\/www.ventusgl.com\/es\/wp-json\/wp\/v2\/comments?post=95"}],"version-history":[{"count":13,"href":"https:\/\/www.ventusgl.com\/es\/wp-json\/wp\/v2\/pages\/95\/revisions"}],"predecessor-version":[{"id":1845,"href":"https:\/\/www.ventusgl.com\/es\/wp-json\/wp\/v2\/pages\/95\/revisions\/1845"}],"up":[{"embeddable":true,"href":"https:\/\/www.ventusgl.com\/es\/wp-json\/wp\/v2\/pages\/76"}],"wp:featuredmedia":[{"embeddable":true,"href":"https:\/\/www.ventusgl.com\/es\/wp-json\/wp\/v2\/media\/739"}],"wp:attachment":[{"href":"https:\/\/www.ventusgl.com\/es\/wp-json\/wp\/v2\/media?parent=95"}],"curies":[{"name":"wp","href":"https:\/\/api.w.org\/{rel}","templated":true}]}}