{"id":93,"date":"2015-04-23T12:31:54","date_gmt":"2015-04-23T12:31:54","guid":{"rendered":"https:\/\/xml-io.proteusthemes.com\/cargopress\/?page_id=93"},"modified":"2025-04-30T03:47:19","modified_gmt":"2025-04-30T03:47:19","slug":"proceso-de-maquila-empaque-re-empaque","status":"publish","type":"page","link":"https:\/\/www.ventusgl.com\/es\/servicios-de-logistica\/proceso-de-maquila-empaque-re-empaque\/","title":{"rendered":"proceso de maquila, empaque, y re-empaque"},"content":{"rendered":"<div id=\"pl-93\"  class=\"panel-layout\" ><div id=\"pg-93-0\"  class=\"panel-grid panel-no-style\" ><div id=\"pgc-93-0-0\"  class=\"panel-grid-cell\" ><div id=\"panel-93-0-0-0\" class=\"so-panel widget widget_black-studio-tinymce widget_black_studio_tinymce panel-first-child panel-last-child\" data-index=\"0\" ><div class=\"textwidget\"><p>En <strong>Ventus Global Logistics<\/strong>, ofrecemos mucho m\u00e1s que transporte y despacho aduanal: proporcionamos soluciones log\u00edsticas de valor agregado que optimizan cada detalle de su cadena de suministro. Desde servicios de embalaje y reembalaje hasta el dise\u00f1o e impresi\u00f3n de etiquetas personalizadas, nos encargamos de todo.<\/p>\n<p>Gestionamos con detalle el ensamblaje de productos, la incorporaci\u00f3n de manuales y garant\u00edas, acompa\u00f1ados con controles  de calidad. Adem\u00e1s, garantizamos el empaque perfecto con material embalaje adecuado para asegurar la protecci\u00f3n de sus productos en cada paso del proceso.<\/p>\n<p><a class=\"btn    btn-info\" href=\"\/es\/contactenos\/\" target=\"_self\">SOLICITAR PRESUPUESTO<\/a><\/p>\n<\/div><\/div><\/div><div id=\"pgc-93-0-1\"  class=\"panel-grid-cell\" ><div id=\"panel-93-0-1-0\" class=\"so-panel widget widget_black-studio-tinymce widget_black_studio_tinymce panel-first-child panel-last-child\" data-index=\"1\" ><div class=\"textwidget\"><p><img loading=\"lazy\" decoding=\"async\" class=\"alignleft size-medium wp-image-748\" src=\"https:\/\/www.ventusgl.com\/es\/wp-content\/uploads\/2018\/11\/packaging-300x170.jpg\" alt=\"PROCESO DE MAQUILA, EMPAQUE, Y RE-EMPAQUE\" width=\"300\" height=\"170\" srcset=\"https:\/\/www.ventusgl.com\/es\/wp-content\/uploads\/2018\/11\/packaging-300x170.jpg 300w, https:\/\/www.ventusgl.com\/es\/wp-content\/uploads\/2018\/11\/packaging-768x435.jpg 768w, https:\/\/www.ventusgl.com\/es\/wp-content\/uploads\/2018\/11\/packaging-360x204.jpg 360w, https:\/\/www.ventusgl.com\/es\/wp-content\/uploads\/2018\/11\/packaging.jpg 848w\" sizes=\"auto, (max-width: 300px) 100vw, 300px\" \/><\/p>\n<\/div><\/div><\/div><\/div><\/div>","protected":false},"excerpt":{"rendered":"<p>En Ventus Global Logistics, ofrecemos mucho m\u00e1s que transporte y despacho aduanal: proporcionamos soluciones log\u00edsticas de valor agregado que optimizan cada detalle de su cadena de suministro. Desde servicios de embalaje y reembalaje hasta el dise\u00f1o e impresi\u00f3n de etiquetas personalizadas, nos encargamos de todo. Gestionamos con detalle el ensamblaje de productos, la incorporaci\u00f3n de &hellip;<\/p>\n","protected":false},"author":1,"featured_media":748,"parent":76,"menu_order":0,"comment_status":"closed","ping_status":"open","template":"","meta":{"content-type":"","footnotes":""},"class_list":["post-93","page","type-page","status-publish","has-post-thumbnail","hentry"],"acf":[],"yoast_head":"<!-- This site is optimized with the Yoast SEO plugin v24.1 - https:\/\/yoast.com\/wordpress\/plugins\/seo\/ -->\n<title>Maquila y Empaque - Ventus Global Logistics<\/title>\n<meta name=\"description\" content=\"Servicios de maquila, empaque y re-empaque. Soluciones personalizadas para tus productos. Optimiza tu log\u00edstica con Ventus Global Logistics.\" \/>\n<meta name=\"robots\" content=\"index, follow, max-snippet:-1, max-image-preview:large, max-video-preview:-1\" \/>\n<link rel=\"canonical\" href=\"https:\/\/www.ventusgl.com\/es\/servicios-de-logistica\/proceso-de-maquila-empaque-re-empaque\/\" \/>\n<meta property=\"og:locale\" content=\"en_US\" \/>\n<meta property=\"og:type\" content=\"article\" \/>\n<meta property=\"og:title\" content=\"Maquila y Empaque - Ventus Global Logistics\" \/>\n<meta property=\"og:description\" content=\"Servicios de maquila, empaque y re-empaque. Soluciones personalizadas para tus productos. Optimiza tu log\u00edstica con Ventus Global Logistics.\" \/>\n<meta property=\"og:url\" content=\"https:\/\/www.ventusgl.com\/es\/servicios-de-logistica\/proceso-de-maquila-empaque-re-empaque\/\" \/>\n<meta property=\"og:site_name\" content=\"Ventus Global Logistics\" \/>\n<meta property=\"article:modified_time\" content=\"2025-04-30T03:47:19+00:00\" \/>\n<meta property=\"og:image\" content=\"https:\/\/www.ventusgl.com\/es\/wp-content\/uploads\/2018\/11\/packaging.jpg\" \/>\n\t<meta property=\"og:image:width\" content=\"848\" \/>\n\t<meta property=\"og:image:height\" content=\"480\" \/>\n\t<meta property=\"og:image:type\" content=\"image\/jpeg\" \/>\n<meta name=\"twitter:card\" content=\"summary_large_image\" \/>\n<meta name=\"twitter:label1\" content=\"Est. reading time\" \/>\n\t<meta name=\"twitter:data1\" content=\"1 minute\" \/>\n<!-- \/ Yoast SEO plugin. -->","yoast_head_json":{"title":"Maquila y Empaque - Ventus Global Logistics","description":"Servicios de maquila, empaque y re-empaque. Soluciones personalizadas para tus productos. Optimiza tu log\u00edstica con Ventus Global Logistics.","robots":{"index":"index","follow":"follow","max-snippet":"max-snippet:-1","max-image-preview":"max-image-preview:large","max-video-preview":"max-video-preview:-1"},"canonical":"https:\/\/www.ventusgl.com\/es\/servicios-de-logistica\/proceso-de-maquila-empaque-re-empaque\/","og_locale":"en_US","og_type":"article","og_title":"Maquila y Empaque - Ventus Global Logistics","og_description":"Servicios de maquila, empaque y re-empaque. Soluciones personalizadas para tus productos. Optimiza tu log\u00edstica con Ventus Global Logistics.","og_url":"https:\/\/www.ventusgl.com\/es\/servicios-de-logistica\/proceso-de-maquila-empaque-re-empaque\/","og_site_name":"Ventus Global Logistics","article_modified_time":"2025-04-30T03:47:19+00:00","og_image":[{"width":848,"height":480,"url":"https:\/\/www.ventusgl.com\/es\/wp-content\/uploads\/2018\/11\/packaging.jpg","type":"image\/jpeg"}],"twitter_card":"summary_large_image","twitter_misc":{"Est. reading time":"1 minute"},"schema":{"@context":"https:\/\/schema.org","@graph":[{"@type":"WebPage","@id":"https:\/\/www.ventusgl.com\/es\/servicios-de-logistica\/proceso-de-maquila-empaque-re-empaque\/","url":"https:\/\/www.ventusgl.com\/es\/servicios-de-logistica\/proceso-de-maquila-empaque-re-empaque\/","name":"Maquila y Empaque - Ventus Global Logistics","isPartOf":{"@id":"https:\/\/www.ventusgl.com\/es\/#website"},"primaryImageOfPage":{"@id":"https:\/\/www.ventusgl.com\/es\/servicios-de-logistica\/proceso-de-maquila-empaque-re-empaque\/#primaryimage"},"image":{"@id":"https:\/\/www.ventusgl.com\/es\/servicios-de-logistica\/proceso-de-maquila-empaque-re-empaque\/#primaryimage"},"thumbnailUrl":"https:\/\/www.ventusgl.com\/es\/wp-content\/uploads\/2018\/11\/packaging.jpg","datePublished":"2015-04-23T12:31:54+00:00","dateModified":"2025-04-30T03:47:19+00:00","description":"Servicios de maquila, empaque y re-empaque. Soluciones personalizadas para tus productos. Optimiza tu log\u00edstica con Ventus Global Logistics.","breadcrumb":{"@id":"https:\/\/www.ventusgl.com\/es\/servicios-de-logistica\/proceso-de-maquila-empaque-re-empaque\/#breadcrumb"},"inLanguage":"en","potentialAction":[{"@type":"ReadAction","target":["https:\/\/www.ventusgl.com\/es\/servicios-de-logistica\/proceso-de-maquila-empaque-re-empaque\/"]}]},{"@type":"ImageObject","inLanguage":"en","@id":"https:\/\/www.ventusgl.com\/es\/servicios-de-logistica\/proceso-de-maquila-empaque-re-empaque\/#primaryimage","url":"https:\/\/www.ventusgl.com\/es\/wp-content\/uploads\/2018\/11\/packaging.jpg","contentUrl":"https:\/\/www.ventusgl.com\/es\/wp-content\/uploads\/2018\/11\/packaging.jpg","width":848,"height":480,"caption":"PROCESO DE MAQUILA, EMPAQUE, Y RE-EMPAQUE"},{"@type":"BreadcrumbList","@id":"https:\/\/www.ventusgl.com\/es\/servicios-de-logistica\/proceso-de-maquila-empaque-re-empaque\/#breadcrumb","itemListElement":[{"@type":"ListItem","position":1,"name":"Home","item":"https:\/\/www.ventusgl.com\/es\/"},{"@type":"ListItem","position":2,"name":"Nuestros Servicios","item":"https:\/\/www.ventusgl.com\/es\/servicios-de-logistica\/"},{"@type":"ListItem","position":3,"name":"proceso de maquila, empaque, y re-empaque"}]},{"@type":"WebSite","@id":"https:\/\/www.ventusgl.com\/es\/#website","url":"https:\/\/www.ventusgl.com\/es\/","name":"Ventus Global Logistics","description":"Let's Drive Your Business | ISO-9001-2015","potentialAction":[{"@type":"SearchAction","target":{"@type":"EntryPoint","urlTemplate":"https:\/\/www.ventusgl.com\/es\/?s={search_term_string}"},"query-input":{"@type":"PropertyValueSpecification","valueRequired":true,"valueName":"search_term_string"}}],"inLanguage":"en"}]}},"_links":{"self":[{"href":"https:\/\/www.ventusgl.com\/es\/wp-json\/wp\/v2\/pages\/93","targetHints":{"allow":["GET"]}}],"collection":[{"href":"https:\/\/www.ventusgl.com\/es\/wp-json\/wp\/v2\/pages"}],"about":[{"href":"https:\/\/www.ventusgl.com\/es\/wp-json\/wp\/v2\/types\/page"}],"author":[{"embeddable":true,"href":"https:\/\/www.ventusgl.com\/es\/wp-json\/wp\/v2\/users\/1"}],"replies":[{"embeddable":true,"href":"https:\/\/www.ventusgl.com\/es\/wp-json\/wp\/v2\/comments?post=93"}],"version-history":[{"count":13,"href":"https:\/\/www.ventusgl.com\/es\/wp-json\/wp\/v2\/pages\/93\/revisions"}],"predecessor-version":[{"id":1849,"href":"https:\/\/www.ventusgl.com\/es\/wp-json\/wp\/v2\/pages\/93\/revisions\/1849"}],"up":[{"embeddable":true,"href":"https:\/\/www.ventusgl.com\/es\/wp-json\/wp\/v2\/pages\/76"}],"wp:featuredmedia":[{"embeddable":true,"href":"https:\/\/www.ventusgl.com\/es\/wp-json\/wp\/v2\/media\/748"}],"wp:attachment":[{"href":"https:\/\/www.ventusgl.com\/es\/wp-json\/wp\/v2\/media?parent=93"}],"curies":[{"name":"wp","href":"https:\/\/api.w.org\/{rel}","templated":true}]}}