{"id":76,"date":"2015-04-23T11:04:51","date_gmt":"2015-04-23T11:04:51","guid":{"rendered":"https:\/\/xml-io.proteusthemes.com\/cargopress\/?page_id=76"},"modified":"2025-04-30T04:02:58","modified_gmt":"2025-04-30T04:02:58","slug":"servicios-de-logistica","status":"publish","type":"page","link":"https:\/\/www.ventusgl.com\/es\/servicios-de-logistica\/","title":{"rendered":"Nuestros Servicios"},"content":{"rendered":"<div id=\"pl-76\"  class=\"panel-layout\" ><div id=\"pg-76-0\"  class=\"panel-grid panel-no-style\" ><div id=\"pgc-76-0-0\"  class=\"panel-grid-cell\" ><div id=\"panel-76-0-0-0\" class=\"so-panel widget widget_black-studio-tinymce widget_black_studio_tinymce panel-first-child\" data-index=\"0\" ><div class=\"panel-widget-style panel-widget-style-for-76-0-0-0\" ><div class=\"textwidget\"><p><a href=\"https:\/\/www.ventusgl.com\/es\/servicios-de-logistica\/servicios-de-agencia-aduanal\/\"><img loading=\"lazy\" decoding=\"async\" class=\"alignleft size-full wp-image-1783\" src=\"https:\/\/www.ventusgl.com\/es\/wp-content\/uploads\/2025\/03\/SERVICIOS_DE_AGENCIA_ADUANAL.jpg\" alt=\"SERVICIOS DE AGENCIA ADUANAL\" width=\"360\" height=\"240\" srcset=\"https:\/\/www.ventusgl.com\/es\/wp-content\/uploads\/2025\/03\/SERVICIOS_DE_AGENCIA_ADUANAL.jpg 360w, https:\/\/www.ventusgl.com\/es\/wp-content\/uploads\/2025\/03\/SERVICIOS_DE_AGENCIA_ADUANAL-300x200.jpg 300w\" sizes=\"auto, (max-width: 360px) 100vw, 360px\" \/><\/a><\/p>\n<\/div><\/div><\/div><div id=\"panel-76-0-0-1\" class=\"so-panel widget widget_black-studio-tinymce widget_black_studio_tinymce panel-last-child\" data-index=\"1\" ><div class=\"panel-widget-style panel-widget-style-for-76-0-0-1\" ><div class=\"textwidget\"><h5><a href=\"https:\/\/www.ventusgl.com\/es\/servicios-de-logistica\/servicios-de-agencia-aduanal\/\" class=\"page-box__title text-uppercase\" style=\"color: #FF8500;\">SERVICIOS DE AGENCIA ADUANAL<\/a><\/h5>\n<p>En Ventus Global Logistics, nuestros servicios de Agencia Aduanal en M\u00e9xico y USA combinan experiencia, tecnolog\u00eda avanzada y eficiencia para garantizar procesos log\u00edsticos r\u00e1pidos, seguros y conformes con las normativas, optimizando cada etapa del proceso aduanero para un flujo sin barreras.<\/p>\n<\/div><\/div><\/div><\/div><div id=\"pgc-76-0-1\"  class=\"panel-grid-cell\" ><div id=\"panel-76-0-1-0\" class=\"so-panel widget widget_black-studio-tinymce widget_black_studio_tinymce panel-first-child\" data-index=\"2\" ><div class=\"panel-widget-style panel-widget-style-for-76-0-1-0\" ><div class=\"textwidget\"><p><a href=\"https:\/\/www.ventusgl.com\/es\/servicios-de-logistica\/servicios-de-transporte-internacional\/\"><img loading=\"lazy\" decoding=\"async\" src=\"https:\/\/www.ventusgl.com\/es\/wp-content\/uploads\/2025\/03\/SERVICIOS_DE_TRANSPORTE_INTERNACIONAL.jpg\" alt=\"SERVICIOS DE TRANSPORTE INTERNACIONAL\" width=\"360\" height=\"240\" class=\"alignleft size-full wp-image-1785\" srcset=\"https:\/\/www.ventusgl.com\/es\/wp-content\/uploads\/2025\/03\/SERVICIOS_DE_TRANSPORTE_INTERNACIONAL.jpg 360w, https:\/\/www.ventusgl.com\/es\/wp-content\/uploads\/2025\/03\/SERVICIOS_DE_TRANSPORTE_INTERNACIONAL-300x200.jpg 300w\" sizes=\"auto, (max-width: 360px) 100vw, 360px\" \/><\/a><\/p>\n<\/div><\/div><\/div><div id=\"panel-76-0-1-1\" class=\"so-panel widget widget_black-studio-tinymce widget_black_studio_tinymce panel-last-child\" data-index=\"3\" ><div class=\"panel-widget-style panel-widget-style-for-76-0-1-1\" ><div class=\"textwidget\"><h5><a href=\"https:\/\/www.ventusgl.com\/es\/servicios-de-logistica\/servicios-de-transporte-internacional\/\" class=\"page-box__title text-uppercase\" style=\"color: #FF8500;\">SERVICIOS DE TRANSPORTE INTERNACIONAL<\/a><\/h5>\n<p>En Ventus Global Logistics, ofrecemos soluciones de transporte internacional para exportaci\u00f3n e importaci\u00f3n, impulsadas por tecnolog\u00eda, garantizando env\u00edos r\u00e1pidos, seguros y transparentes en todos los medios de transporte.<\/p>\n<\/div><\/div><\/div><\/div><div id=\"pgc-76-0-2\"  class=\"panel-grid-cell\" ><div id=\"panel-76-0-2-0\" class=\"so-panel widget widget_black-studio-tinymce widget_black_studio_tinymce panel-first-child\" data-index=\"4\" ><div class=\"panel-widget-style panel-widget-style-for-76-0-2-0\" ><div class=\"textwidget\"><p><a href=\"https:\/\/www.ventusgl.com\/es\/servicios-de-logistica\/3pl-centros-de-consolidacion-y-distribucion\/\"><img loading=\"lazy\" decoding=\"async\" src=\"https:\/\/www.ventusgl.com\/es\/wp-content\/uploads\/2025\/03\/3PL_CENTROS_DE_CONSOLIDACION_Y_DISTRIBUCION.jpg\" alt=\"3PL CENTROS DE CONSOLIDACI\u00d3N Y DISTRIBUCI\u00d3N\" width=\"360\" height=\"240\" class=\"alignleft size-full wp-image-1786\" srcset=\"https:\/\/www.ventusgl.com\/es\/wp-content\/uploads\/2025\/03\/3PL_CENTROS_DE_CONSOLIDACION_Y_DISTRIBUCION.jpg 360w, https:\/\/www.ventusgl.com\/es\/wp-content\/uploads\/2025\/03\/3PL_CENTROS_DE_CONSOLIDACION_Y_DISTRIBUCION-300x200.jpg 300w\" sizes=\"auto, (max-width: 360px) 100vw, 360px\" \/><\/a><\/p>\n<\/div><\/div><\/div><div id=\"panel-76-0-2-1\" class=\"so-panel widget widget_black-studio-tinymce widget_black_studio_tinymce panel-last-child\" data-index=\"5\" ><div class=\"panel-widget-style panel-widget-style-for-76-0-2-1\" ><div class=\"textwidget\"><h5><a href=\"https:\/\/www.ventusgl.com\/es\/servicios-de-logistica\/3pl-centros-de-consolidacion-y-distribucion\/\" class=\"page-box__title text-uppercase\" style=\"color: #FF8500;\">3PL CENTROS DE CONSOLIDACI\u00d3N Y DISTRIBUCI\u00d3N<\/a><\/h5>\n<p>En Ventus Global Logistics, brindamos soluciones integrales de almacenaje, consolidaci\u00f3n y distribuci\u00f3n de mercanc\u00edas, aprovechando tecnolog\u00eda y sistemas de picking automatizada, lo que asegura una operaci\u00f3n eficiente, precisa y \u00e1gil en cada env\u00edo.<\/p>\n<\/div><\/div><\/div><\/div><\/div><div id=\"pg-76-1\"  class=\"panel-grid panel-no-style\" ><div id=\"pgc-76-1-0\"  class=\"panel-grid-cell\" ><div id=\"panel-76-1-0-0\" class=\"so-panel widget widget_black-studio-tinymce widget_black_studio_tinymce panel-first-child\" data-index=\"6\" ><div class=\"panel-widget-style panel-widget-style-for-76-1-0-0\" ><div class=\"textwidget\"><p><a href=\"https:\/\/www.ventusgl.com\/es\/servicios-de-logistica\/instalaciones-de-almacenamiento-en-frio\/\"><img loading=\"lazy\" decoding=\"async\" src=\"https:\/\/www.ventusgl.com\/es\/wp-content\/uploads\/2025\/03\/INSTALACIONES_DE_ALMACENAMIENTO_EN_FRIO.jpg\" alt=\"INSTALACIONES DE ALMACENAMIENTO EN FR\u00cdO\" width=\"360\" height=\"240\" class=\"alignleft size-full wp-image-1788\" srcset=\"https:\/\/www.ventusgl.com\/es\/wp-content\/uploads\/2025\/03\/INSTALACIONES_DE_ALMACENAMIENTO_EN_FRIO.jpg 360w, https:\/\/www.ventusgl.com\/es\/wp-content\/uploads\/2025\/03\/INSTALACIONES_DE_ALMACENAMIENTO_EN_FRIO-300x200.jpg 300w\" sizes=\"auto, (max-width: 360px) 100vw, 360px\" \/><\/a><\/p>\n<\/div><\/div><\/div><div id=\"panel-76-1-0-1\" class=\"so-panel widget widget_black-studio-tinymce widget_black_studio_tinymce panel-last-child\" data-index=\"7\" ><div class=\"panel-widget-style panel-widget-style-for-76-1-0-1\" ><div class=\"textwidget\"><h5><a href=\"https:\/\/www.ventusgl.com\/es\/servicios-de-logistica\/instalaciones-de-almacenamiento-en-frio\/\" class=\"page-box__title text-uppercase\" style=\"color: #ff8500;\">INSTALACIONES DE ALMACENAMIENTO EN FR\u00cdO<\/a><\/h5>\n<p>En Ventus Global Logistics, ofrecemos soluciones avanzadas de almacenamiento en fr\u00edo, adaptadas a sus necesidades y presupuesto, con tecnolog\u00eda de vanguardia para asegurar un manejo y rendimiento \u00f3ptimo en todo momento.<\/p>\n<\/div><\/div><\/div><\/div><div id=\"pgc-76-1-1\"  class=\"panel-grid-cell\" ><div id=\"panel-76-1-1-0\" class=\"so-panel widget widget_black-studio-tinymce widget_black_studio_tinymce panel-first-child\" data-index=\"8\" ><div class=\"panel-widget-style panel-widget-style-for-76-1-1-0\" ><div class=\"textwidget\"><p><a href=\"https:\/\/www.ventusgl.com\/es\/servicios-de-logistica\/mexico-y-estados-unidos-clasificaciones-arancelarias\/\"><img loading=\"lazy\" decoding=\"async\" src=\"https:\/\/www.ventusgl.com\/es\/wp-content\/uploads\/2025\/03\/CONSULTORIA_LEGAL_Y_CAPACITACION.jpg\" alt=\"CONSULTOR\u00cdA LEGAL Y CAPACITACI\u00d3N\" width=\"360\" height=\"240\" class=\"alignleft size-full wp-image-1789\" srcset=\"https:\/\/www.ventusgl.com\/es\/wp-content\/uploads\/2025\/03\/CONSULTORIA_LEGAL_Y_CAPACITACION.jpg 360w, https:\/\/www.ventusgl.com\/es\/wp-content\/uploads\/2025\/03\/CONSULTORIA_LEGAL_Y_CAPACITACION-300x200.jpg 300w\" sizes=\"auto, (max-width: 360px) 100vw, 360px\" \/><\/a><\/p>\n<\/div><\/div><\/div><div id=\"panel-76-1-1-1\" class=\"so-panel widget widget_black-studio-tinymce widget_black_studio_tinymce panel-last-child\" data-index=\"9\" ><div class=\"textwidget\"><h5><a href=\"https:\/\/www.ventusgl.com\/es\/servicios-de-logistica\/mexico-y-estados-unidos-clasificaciones-arancelarias\/\" class=\"page-box__title text-uppercase\" style=\"color: #FF8500;\">CONSULTOR\u00cdA LEGAL Y CAPACITACI\u00d3N<\/a><\/h5>\n<p>En Ventus Global Logistics, ofrecemos soluciones avanzadas de almacenamiento en fr\u00edo, adaptadas a sus necesidades y presupuesto, con tecnolog\u00eda de vanguardia para asegurar un manejo y rendimiento \u00f3ptimo en todo momento.<\/p>\n<\/div><\/div><\/div><div id=\"pgc-76-1-2\"  class=\"panel-grid-cell\" ><div id=\"panel-76-1-2-0\" class=\"so-panel widget widget_black-studio-tinymce widget_black_studio_tinymce panel-first-child\" data-index=\"10\" ><div class=\"panel-widget-style panel-widget-style-for-76-1-2-0\" ><div class=\"textwidget\"><p><a href=\"https:\/\/www.ventusgl.com\/es\/servicios-de-logistica\/proceso-de-maquila-empaque-re-empaque\/\"><img loading=\"lazy\" decoding=\"async\" src=\"https:\/\/www.ventusgl.com\/es\/wp-content\/uploads\/2025\/03\/PROCESO_DE_MAQUILA_EMPAQUE_RE-EMPAQUE.jpg\" alt=\"PROCESO DE MAQUILA, EMPAQUE, Y RE-EMPAQUE\" width=\"360\" height=\"240\" class=\"alignleft size-full wp-image-1790\" srcset=\"https:\/\/www.ventusgl.com\/es\/wp-content\/uploads\/2025\/03\/PROCESO_DE_MAQUILA_EMPAQUE_RE-EMPAQUE.jpg 360w, https:\/\/www.ventusgl.com\/es\/wp-content\/uploads\/2025\/03\/PROCESO_DE_MAQUILA_EMPAQUE_RE-EMPAQUE-300x200.jpg 300w\" sizes=\"auto, (max-width: 360px) 100vw, 360px\" \/><\/a><\/p>\n<\/div><\/div><\/div><div id=\"panel-76-1-2-1\" class=\"so-panel widget widget_black-studio-tinymce widget_black_studio_tinymce panel-last-child\" data-index=\"11\" ><div class=\"textwidget\"><h5><a href=\"https:\/\/www.ventusgl.com\/es\/servicios-de-logistica\/proceso-de-maquila-empaque-re-empaque\/\" class=\"page-box__title text-uppercase\" style=\"color: #FF8500;\">PROCESO DE MAQUILA, EMPAQUE, Y RE-EMPAQUE<\/a><\/h5>\n<p>Conf\u00ede En Ventus Global Logistics, ofrecemos soluciones log\u00edsticas de valor agregado, como embalaje y reembalaje, para cumplir las necesidades y condiciones que as\u00ed requiera.<\/p>\n<\/div><\/div><\/div><\/div><\/div>","protected":false},"excerpt":{"rendered":"<p>SERVICIOS DE AGENCIA ADUANAL En Ventus Global Logistics, nuestros servicios de Agencia Aduanal en M\u00e9xico y USA combinan experiencia, tecnolog\u00eda avanzada y eficiencia para garantizar procesos log\u00edsticos r\u00e1pidos, seguros y conformes con las normativas, optimizando cada etapa del proceso aduanero para un flujo sin barreras. SERVICIOS DE TRANSPORTE INTERNACIONAL En Ventus Global Logistics, ofrecemos soluciones &hellip;<\/p>\n","protected":false},"author":1,"featured_media":0,"parent":0,"menu_order":0,"comment_status":"closed","ping_status":"open","template":"","meta":{"content-type":"","footnotes":""},"class_list":["post-76","page","type-page","status-publish","hentry"],"acf":[],"yoast_head":"<!-- This site is optimized with the Yoast SEO plugin v24.1 - https:\/\/yoast.com\/wordpress\/plugins\/seo\/ -->\n<title>Log\u00edstica Global Integral | - Ventus Global Logistics<\/title>\n<meta name=\"description\" content=\"Soluciones log\u00edsticas completas para tu negocio. Almacenaje, transporte y distribuci\u00f3n eficientes. \u00a1Optimiza tu cadena de suministro con Ventus Global Logistics!\" \/>\n<meta name=\"robots\" content=\"index, follow, max-snippet:-1, max-image-preview:large, max-video-preview:-1\" \/>\n<link rel=\"canonical\" href=\"https:\/\/www.ventusgl.com\/es\/servicios-de-logistica\/\" \/>\n<meta property=\"og:locale\" content=\"en_US\" \/>\n<meta property=\"og:type\" content=\"article\" \/>\n<meta property=\"og:title\" content=\"Log\u00edstica Global Integral | - Ventus Global Logistics\" \/>\n<meta property=\"og:description\" content=\"Soluciones log\u00edsticas completas para tu negocio. Almacenaje, transporte y distribuci\u00f3n eficientes. \u00a1Optimiza tu cadena de suministro con Ventus Global Logistics!\" \/>\n<meta property=\"og:url\" content=\"https:\/\/www.ventusgl.com\/es\/servicios-de-logistica\/\" \/>\n<meta property=\"og:site_name\" content=\"Ventus Global Logistics\" \/>\n<meta property=\"article:modified_time\" content=\"2025-04-30T04:02:58+00:00\" \/>\n<meta property=\"og:image\" content=\"https:\/\/www.ventusgl.com\/es\/wp-content\/uploads\/2025\/03\/SERVICIOS_DE_AGENCIA_ADUANAL.jpg\" \/>\n\t<meta property=\"og:image:width\" content=\"360\" \/>\n\t<meta property=\"og:image:height\" content=\"240\" \/>\n\t<meta property=\"og:image:type\" content=\"image\/jpeg\" \/>\n<meta name=\"twitter:card\" content=\"summary_large_image\" \/>\n<meta name=\"twitter:label1\" content=\"Est. reading time\" \/>\n\t<meta name=\"twitter:data1\" content=\"3 minutes\" \/>\n<!-- \/ Yoast SEO plugin. -->","yoast_head_json":{"title":"Log\u00edstica Global Integral | - Ventus Global Logistics","description":"Soluciones log\u00edsticas completas para tu negocio. Almacenaje, transporte y distribuci\u00f3n eficientes. \u00a1Optimiza tu cadena de suministro con Ventus Global Logistics!","robots":{"index":"index","follow":"follow","max-snippet":"max-snippet:-1","max-image-preview":"max-image-preview:large","max-video-preview":"max-video-preview:-1"},"canonical":"https:\/\/www.ventusgl.com\/es\/servicios-de-logistica\/","og_locale":"en_US","og_type":"article","og_title":"Log\u00edstica Global Integral | - Ventus Global Logistics","og_description":"Soluciones log\u00edsticas completas para tu negocio. Almacenaje, transporte y distribuci\u00f3n eficientes. \u00a1Optimiza tu cadena de suministro con Ventus Global Logistics!","og_url":"https:\/\/www.ventusgl.com\/es\/servicios-de-logistica\/","og_site_name":"Ventus Global Logistics","article_modified_time":"2025-04-30T04:02:58+00:00","og_image":[{"width":360,"height":240,"url":"https:\/\/www.ventusgl.com\/es\/wp-content\/uploads\/2025\/03\/SERVICIOS_DE_AGENCIA_ADUANAL.jpg","type":"image\/jpeg"}],"twitter_card":"summary_large_image","twitter_misc":{"Est. reading time":"3 minutes"},"schema":{"@context":"https:\/\/schema.org","@graph":[{"@type":"WebPage","@id":"https:\/\/www.ventusgl.com\/es\/servicios-de-logistica\/","url":"https:\/\/www.ventusgl.com\/es\/servicios-de-logistica\/","name":"Log\u00edstica Global Integral | - Ventus Global Logistics","isPartOf":{"@id":"https:\/\/www.ventusgl.com\/es\/#website"},"primaryImageOfPage":{"@id":"https:\/\/www.ventusgl.com\/es\/servicios-de-logistica\/#primaryimage"},"image":{"@id":"https:\/\/www.ventusgl.com\/es\/servicios-de-logistica\/#primaryimage"},"thumbnailUrl":"https:\/\/www.ventusgl.com\/es\/wp-content\/uploads\/2025\/03\/SERVICIOS_DE_AGENCIA_ADUANAL.jpg","datePublished":"2015-04-23T11:04:51+00:00","dateModified":"2025-04-30T04:02:58+00:00","description":"Soluciones log\u00edsticas completas para tu negocio. Almacenaje, transporte y distribuci\u00f3n eficientes. \u00a1Optimiza tu cadena de suministro con Ventus Global Logistics!","breadcrumb":{"@id":"https:\/\/www.ventusgl.com\/es\/servicios-de-logistica\/#breadcrumb"},"inLanguage":"en","potentialAction":[{"@type":"ReadAction","target":["https:\/\/www.ventusgl.com\/es\/servicios-de-logistica\/"]}]},{"@type":"ImageObject","inLanguage":"en","@id":"https:\/\/www.ventusgl.com\/es\/servicios-de-logistica\/#primaryimage","url":"https:\/\/www.ventusgl.com\/es\/wp-content\/uploads\/2025\/03\/SERVICIOS_DE_AGENCIA_ADUANAL.jpg","contentUrl":"https:\/\/www.ventusgl.com\/es\/wp-content\/uploads\/2025\/03\/SERVICIOS_DE_AGENCIA_ADUANAL.jpg","width":360,"height":240,"caption":"SERVICIOS DE AGENCIA ADUANAL"},{"@type":"BreadcrumbList","@id":"https:\/\/www.ventusgl.com\/es\/servicios-de-logistica\/#breadcrumb","itemListElement":[{"@type":"ListItem","position":1,"name":"Home","item":"https:\/\/www.ventusgl.com\/es\/"},{"@type":"ListItem","position":2,"name":"Nuestros Servicios"}]},{"@type":"WebSite","@id":"https:\/\/www.ventusgl.com\/es\/#website","url":"https:\/\/www.ventusgl.com\/es\/","name":"Ventus Global Logistics","description":"Let's Drive Your Business | ISO-9001-2015","potentialAction":[{"@type":"SearchAction","target":{"@type":"EntryPoint","urlTemplate":"https:\/\/www.ventusgl.com\/es\/?s={search_term_string}"},"query-input":{"@type":"PropertyValueSpecification","valueRequired":true,"valueName":"search_term_string"}}],"inLanguage":"en"}]}},"_links":{"self":[{"href":"https:\/\/www.ventusgl.com\/es\/wp-json\/wp\/v2\/pages\/76","targetHints":{"allow":["GET"]}}],"collection":[{"href":"https:\/\/www.ventusgl.com\/es\/wp-json\/wp\/v2\/pages"}],"about":[{"href":"https:\/\/www.ventusgl.com\/es\/wp-json\/wp\/v2\/types\/page"}],"author":[{"embeddable":true,"href":"https:\/\/www.ventusgl.com\/es\/wp-json\/wp\/v2\/users\/1"}],"replies":[{"embeddable":true,"href":"https:\/\/www.ventusgl.com\/es\/wp-json\/wp\/v2\/comments?post=76"}],"version-history":[{"count":13,"href":"https:\/\/www.ventusgl.com\/es\/wp-json\/wp\/v2\/pages\/76\/revisions"}],"predecessor-version":[{"id":1852,"href":"https:\/\/www.ventusgl.com\/es\/wp-json\/wp\/v2\/pages\/76\/revisions\/1852"}],"wp:attachment":[{"href":"https:\/\/www.ventusgl.com\/es\/wp-json\/wp\/v2\/media?parent=76"}],"curies":[{"name":"wp","href":"https:\/\/api.w.org\/{rel}","templated":true}]}}