{"id":687,"date":"2018-11-27T06:00:46","date_gmt":"2018-11-27T06:00:46","guid":{"rendered":"http:\/\/regoflight.com\/?page_id=687"},"modified":"2025-04-30T03:44:21","modified_gmt":"2025-04-30T03:44:21","slug":"instalaciones-de-almacenamiento-en-frio","status":"publish","type":"page","link":"https:\/\/www.ventusgl.com\/es\/servicios-de-logistica\/instalaciones-de-almacenamiento-en-frio\/","title":{"rendered":"INSTALACIONES DE ALMACENAMIENTO EN FR\u00cdO"},"content":{"rendered":"<div id=\"pl-687\"  class=\"panel-layout\" ><div id=\"pg-687-0\"  class=\"panel-grid panel-no-style\" ><div id=\"pgc-687-0-0\"  class=\"panel-grid-cell\" ><div id=\"panel-687-0-0-0\" class=\"so-panel widget widget_black-studio-tinymce widget_black_studio_tinymce panel-first-child panel-last-child\" data-index=\"0\" ><div class=\"textwidget\"><p>En <strong>Ventus Global Logistics<\/strong>, le ofrecemos acceso a <strong>instalaciones<\/strong> de almacenamiento en fr\u00edo como congelado y refrigerado, con opciones flexibles y a precios competitivos, dise\u00f1adas para adaptarse a sus necesidades de almacenamiento y presupuesto. Contamos con soluciones especializadas, incluyendo almacenamiento externo para alimentos y productos sensibles a la temperatura, todas respaldadas por tecnolog\u00eda para garantizar un control preciso y eficiente.<\/p>\n<p>Conf\u00ede en nosotros para integrar sus procesos aduaneros, almacenamiento y de transporte, mediante soluciones de log\u00edstica que optimizan cada etapa de la cadena de suministro.<\/p>\n<p>Cont\u00e1ctenos hoy mismo para descubrir nuestras soluciones escalables de almacenamiento refrigerado, dise\u00f1adas para hacer crecer su negocio de manera eficiente.<\/p>\n<p><a class=\"btn    btn-info\" href=\"\/es\/contactenos\/\" target=\"_self\">SOLICITAR PRESUPUESTO<\/a><\/p>\n<\/div><\/div><\/div><div id=\"pgc-687-0-1\"  class=\"panel-grid-cell\" ><div id=\"panel-687-0-1-0\" class=\"so-panel widget widget_black-studio-tinymce widget_black_studio_tinymce panel-first-child panel-last-child\" data-index=\"1\" ><div class=\"textwidget\"><p><img loading=\"lazy\" decoding=\"async\" src=\"https:\/\/www.ventusgl.com\/es\/wp-content\/uploads\/2018\/11\/cold-storage-300x170.jpg\" alt=\"INSTALACIONES DE ALMACENAMIENTO EN FR\u00cdO\" width=\"300\" height=\"170\" class=\"alignleft size-medium wp-image-746\" srcset=\"https:\/\/www.ventusgl.com\/es\/wp-content\/uploads\/2018\/11\/cold-storage-300x170.jpg 300w, https:\/\/www.ventusgl.com\/es\/wp-content\/uploads\/2018\/11\/cold-storage-768x435.jpg 768w, https:\/\/www.ventusgl.com\/es\/wp-content\/uploads\/2018\/11\/cold-storage-360x204.jpg 360w, https:\/\/www.ventusgl.com\/es\/wp-content\/uploads\/2018\/11\/cold-storage.jpg 848w\" sizes=\"auto, (max-width: 300px) 100vw, 300px\" \/><\/p>\n<\/div><\/div><\/div><\/div><\/div>","protected":false},"excerpt":{"rendered":"<p>En Ventus Global Logistics, le ofrecemos acceso a instalaciones de almacenamiento en fr\u00edo como congelado y refrigerado, con opciones flexibles y a precios competitivos, dise\u00f1adas para adaptarse a sus necesidades de almacenamiento y presupuesto. Contamos con soluciones especializadas, incluyendo almacenamiento externo para alimentos y productos sensibles a la temperatura, todas respaldadas por tecnolog\u00eda para garantizar &hellip;<\/p>\n","protected":false},"author":1,"featured_media":746,"parent":76,"menu_order":0,"comment_status":"closed","ping_status":"closed","template":"","meta":{"content-type":"","footnotes":""},"class_list":["post-687","page","type-page","status-publish","has-post-thumbnail","hentry"],"acf":[],"yoast_head":"<!-- This site is optimized with the Yoast SEO plugin v24.1 - https:\/\/yoast.com\/wordpress\/plugins\/seo\/ -->\n<title>Almacenamiento en Fr\u00edo - Ventus Global Logistics<\/title>\n<meta name=\"description\" content=\"Almacenamiento en fr\u00edo: control de temperatura y log\u00edstica especializada. Soluciones seguras para productos perecederos. \u00a1Conf\u00eda en Ventus Global Logistics!\" \/>\n<meta name=\"robots\" content=\"index, follow, max-snippet:-1, max-image-preview:large, max-video-preview:-1\" \/>\n<link rel=\"canonical\" href=\"https:\/\/www.ventusgl.com\/es\/servicios-de-logistica\/instalaciones-de-almacenamiento-en-frio\/\" \/>\n<meta property=\"og:locale\" content=\"en_US\" \/>\n<meta property=\"og:type\" content=\"article\" \/>\n<meta property=\"og:title\" content=\"Almacenamiento en Fr\u00edo - Ventus Global Logistics\" \/>\n<meta property=\"og:description\" content=\"Almacenamiento en fr\u00edo: control de temperatura y log\u00edstica especializada. Soluciones seguras para productos perecederos. \u00a1Conf\u00eda en Ventus Global Logistics!\" \/>\n<meta property=\"og:url\" content=\"https:\/\/www.ventusgl.com\/es\/servicios-de-logistica\/instalaciones-de-almacenamiento-en-frio\/\" \/>\n<meta property=\"og:site_name\" content=\"Ventus Global Logistics\" \/>\n<meta property=\"article:modified_time\" content=\"2025-04-30T03:44:21+00:00\" \/>\n<meta property=\"og:image\" content=\"https:\/\/www.ventusgl.com\/es\/wp-content\/uploads\/2018\/11\/cold-storage.jpg\" \/>\n\t<meta property=\"og:image:width\" content=\"848\" \/>\n\t<meta property=\"og:image:height\" content=\"480\" \/>\n\t<meta property=\"og:image:type\" content=\"image\/jpeg\" \/>\n<meta name=\"twitter:card\" content=\"summary_large_image\" \/>\n<meta name=\"twitter:label1\" content=\"Est. reading time\" \/>\n\t<meta name=\"twitter:data1\" content=\"1 minute\" \/>\n<!-- \/ Yoast SEO plugin. -->","yoast_head_json":{"title":"Almacenamiento en Fr\u00edo - Ventus Global Logistics","description":"Almacenamiento en fr\u00edo: control de temperatura y log\u00edstica especializada. Soluciones seguras para productos perecederos. \u00a1Conf\u00eda en Ventus Global Logistics!","robots":{"index":"index","follow":"follow","max-snippet":"max-snippet:-1","max-image-preview":"max-image-preview:large","max-video-preview":"max-video-preview:-1"},"canonical":"https:\/\/www.ventusgl.com\/es\/servicios-de-logistica\/instalaciones-de-almacenamiento-en-frio\/","og_locale":"en_US","og_type":"article","og_title":"Almacenamiento en Fr\u00edo - Ventus Global Logistics","og_description":"Almacenamiento en fr\u00edo: control de temperatura y log\u00edstica especializada. Soluciones seguras para productos perecederos. \u00a1Conf\u00eda en Ventus Global Logistics!","og_url":"https:\/\/www.ventusgl.com\/es\/servicios-de-logistica\/instalaciones-de-almacenamiento-en-frio\/","og_site_name":"Ventus Global Logistics","article_modified_time":"2025-04-30T03:44:21+00:00","og_image":[{"width":848,"height":480,"url":"https:\/\/www.ventusgl.com\/es\/wp-content\/uploads\/2018\/11\/cold-storage.jpg","type":"image\/jpeg"}],"twitter_card":"summary_large_image","twitter_misc":{"Est. reading time":"1 minute"},"schema":{"@context":"https:\/\/schema.org","@graph":[{"@type":"WebPage","@id":"https:\/\/www.ventusgl.com\/es\/servicios-de-logistica\/instalaciones-de-almacenamiento-en-frio\/","url":"https:\/\/www.ventusgl.com\/es\/servicios-de-logistica\/instalaciones-de-almacenamiento-en-frio\/","name":"Almacenamiento en Fr\u00edo - Ventus Global Logistics","isPartOf":{"@id":"https:\/\/www.ventusgl.com\/es\/#website"},"primaryImageOfPage":{"@id":"https:\/\/www.ventusgl.com\/es\/servicios-de-logistica\/instalaciones-de-almacenamiento-en-frio\/#primaryimage"},"image":{"@id":"https:\/\/www.ventusgl.com\/es\/servicios-de-logistica\/instalaciones-de-almacenamiento-en-frio\/#primaryimage"},"thumbnailUrl":"https:\/\/www.ventusgl.com\/es\/wp-content\/uploads\/2018\/11\/cold-storage.jpg","datePublished":"2018-11-27T06:00:46+00:00","dateModified":"2025-04-30T03:44:21+00:00","description":"Almacenamiento en fr\u00edo: control de temperatura y log\u00edstica especializada. Soluciones seguras para productos perecederos. \u00a1Conf\u00eda en Ventus Global Logistics!","breadcrumb":{"@id":"https:\/\/www.ventusgl.com\/es\/servicios-de-logistica\/instalaciones-de-almacenamiento-en-frio\/#breadcrumb"},"inLanguage":"en","potentialAction":[{"@type":"ReadAction","target":["https:\/\/www.ventusgl.com\/es\/servicios-de-logistica\/instalaciones-de-almacenamiento-en-frio\/"]}]},{"@type":"ImageObject","inLanguage":"en","@id":"https:\/\/www.ventusgl.com\/es\/servicios-de-logistica\/instalaciones-de-almacenamiento-en-frio\/#primaryimage","url":"https:\/\/www.ventusgl.com\/es\/wp-content\/uploads\/2018\/11\/cold-storage.jpg","contentUrl":"https:\/\/www.ventusgl.com\/es\/wp-content\/uploads\/2018\/11\/cold-storage.jpg","width":848,"height":480,"caption":"INSTALACIONES DE ALMACENAMIENTO EN FR\u00cdO"},{"@type":"BreadcrumbList","@id":"https:\/\/www.ventusgl.com\/es\/servicios-de-logistica\/instalaciones-de-almacenamiento-en-frio\/#breadcrumb","itemListElement":[{"@type":"ListItem","position":1,"name":"Home","item":"https:\/\/www.ventusgl.com\/es\/"},{"@type":"ListItem","position":2,"name":"Nuestros Servicios","item":"https:\/\/www.ventusgl.com\/es\/servicios-de-logistica\/"},{"@type":"ListItem","position":3,"name":"INSTALACIONES DE ALMACENAMIENTO EN FR\u00cdO"}]},{"@type":"WebSite","@id":"https:\/\/www.ventusgl.com\/es\/#website","url":"https:\/\/www.ventusgl.com\/es\/","name":"Ventus Global Logistics","description":"Let's Drive Your Business | ISO-9001-2015","potentialAction":[{"@type":"SearchAction","target":{"@type":"EntryPoint","urlTemplate":"https:\/\/www.ventusgl.com\/es\/?s={search_term_string}"},"query-input":{"@type":"PropertyValueSpecification","valueRequired":true,"valueName":"search_term_string"}}],"inLanguage":"en"}]}},"_links":{"self":[{"href":"https:\/\/www.ventusgl.com\/es\/wp-json\/wp\/v2\/pages\/687","targetHints":{"allow":["GET"]}}],"collection":[{"href":"https:\/\/www.ventusgl.com\/es\/wp-json\/wp\/v2\/pages"}],"about":[{"href":"https:\/\/www.ventusgl.com\/es\/wp-json\/wp\/v2\/types\/page"}],"author":[{"embeddable":true,"href":"https:\/\/www.ventusgl.com\/es\/wp-json\/wp\/v2\/users\/1"}],"replies":[{"embeddable":true,"href":"https:\/\/www.ventusgl.com\/es\/wp-json\/wp\/v2\/comments?post=687"}],"version-history":[{"count":17,"href":"https:\/\/www.ventusgl.com\/es\/wp-json\/wp\/v2\/pages\/687\/revisions"}],"predecessor-version":[{"id":1847,"href":"https:\/\/www.ventusgl.com\/es\/wp-json\/wp\/v2\/pages\/687\/revisions\/1847"}],"up":[{"embeddable":true,"href":"https:\/\/www.ventusgl.com\/es\/wp-json\/wp\/v2\/pages\/76"}],"wp:featuredmedia":[{"embeddable":true,"href":"https:\/\/www.ventusgl.com\/es\/wp-json\/wp\/v2\/media\/746"}],"wp:attachment":[{"href":"https:\/\/www.ventusgl.com\/es\/wp-json\/wp\/v2\/media?parent=687"}],"curies":[{"name":"wp","href":"https:\/\/api.w.org\/{rel}","templated":true}]}}