{"id":1726,"date":"2024-11-25T06:27:16","date_gmt":"2024-11-25T06:27:16","guid":{"rendered":"https:\/\/www.ventusgl.com\/es\/?page_id=1726"},"modified":"2025-01-30T04:15:31","modified_gmt":"2025-01-30T04:15:31","slug":"soluciones-para-el-seguimiento-logistico","status":"publish","type":"page","link":"https:\/\/www.ventusgl.com\/es\/soluciones-para-el-seguimiento-logistico\/","title":{"rendered":"Soluciones Para El Seguimiento Log\u00edstico"},"content":{"rendered":"<div id=\"pl-1726\"  class=\"panel-layout\" ><div id=\"pg-1726-0\"  class=\"panel-grid panel-no-style\" ><div id=\"pgc-1726-0-0\"  class=\"panel-grid-cell\" ><div id=\"panel-1726-0-0-0\" class=\"so-panel widget widget_black-studio-tinymce widget_black_studio_tinymce panel-first-child panel-last-child\" data-index=\"0\" ><div class=\"textwidget\"><h2>En Ventus, no solo hablamos de soluciones log\u00edsticas; las hacemos realidad.<\/h2>\n<p>En nuestra empresa, entendemos que la log\u00edstica no es solo una parte de su negocio, sino el eje que mantiene en movimiento su cadena de suministro. Por eso, en Ventus ofrecemos <strong>soluciones para el seguimiento log\u00edstico pr\u00e1cticas, confiables y totalmente adaptadas a sus necesidades<\/strong>. Nuestro compromiso no solo es brindarle un excelente servicio, sino tambi\u00e9n garantizar que pueda acceder a <strong>informaci\u00f3n precisa y actualizada en tiempo real<\/strong>, lo cual es fundamental para tomar decisiones estrat\u00e9gicas y operativas con total seguridad.<\/p>\n<p>Descubra a continuaci\u00f3n c\u00f3mo nuestras <strong>soluciones avanzadas basadas en la web<\/strong> pueden transformar la forma en que gestiona sus operaciones log\u00edsticas.<\/p>\n<\/div><\/div><\/div><div id=\"pgc-1726-0-1\"  class=\"panel-grid-cell\" ><div id=\"panel-1726-0-1-0\" class=\"so-panel widget widget_black-studio-tinymce widget_black_studio_tinymce panel-first-child panel-last-child\" data-index=\"1\" ><div class=\"textwidget\"><p><a href=\"https:\/\/www.ventusgl.com\/es\/wp-content\/uploads\/2018\/11\/logistics-technology.jpg\" data-rel=\"lightbox-image-0\" data-rl_title=\"\" data-rl_caption=\"Soluciones Para El Seguimiento Log\u00edstico\" title=\"\"><img loading=\"lazy\" decoding=\"async\" class=\"alignleft size-medium wp-image-792\" src=\"https:\/\/www.ventusgl.com\/es\/wp-content\/uploads\/2018\/11\/logistics-technology-300x170.jpg\" alt=\"logistics technology\" width=\"300\" height=\"170\" srcset=\"https:\/\/www.ventusgl.com\/es\/wp-content\/uploads\/2018\/11\/logistics-technology-300x170.jpg 300w, https:\/\/www.ventusgl.com\/es\/wp-content\/uploads\/2018\/11\/logistics-technology-768x435.jpg 768w, https:\/\/www.ventusgl.com\/es\/wp-content\/uploads\/2018\/11\/logistics-technology-360x204.jpg 360w, https:\/\/www.ventusgl.com\/es\/wp-content\/uploads\/2018\/11\/logistics-technology.jpg 848w\" sizes=\"auto, (max-width: 300px) 100vw, 300px\" \/><\/a><\/p>\n<p><a href=\"https:\/\/www.ventusgl.com\/es\/wp-content\/uploads\/2018\/11\/customs-brokerage.jpg\" data-rel=\"lightbox-image-1\" data-rl_title=\"\" data-rl_caption=\"seguimiento log\u00edstico\" title=\"\"><img loading=\"lazy\" decoding=\"async\" src=\"https:\/\/www.ventusgl.com\/es\/wp-content\/uploads\/2018\/11\/customs-brokerage-300x170.jpg\" alt=\"customs brokerage\" width=\"300\" height=\"170\" class=\"alignleft size-medium wp-image-734\" srcset=\"https:\/\/www.ventusgl.com\/es\/wp-content\/uploads\/2018\/11\/customs-brokerage-300x170.jpg 300w, https:\/\/www.ventusgl.com\/es\/wp-content\/uploads\/2018\/11\/customs-brokerage-768x435.jpg 768w, https:\/\/www.ventusgl.com\/es\/wp-content\/uploads\/2018\/11\/customs-brokerage-360x204.jpg 360w, https:\/\/www.ventusgl.com\/es\/wp-content\/uploads\/2018\/11\/customs-brokerage.jpg 848w\" sizes=\"auto, (max-width: 300px) 100vw, 300px\" \/><\/a><\/p>\n<\/div><\/div><\/div><\/div><div id=\"pg-1726-1\"  class=\"panel-grid panel-no-style\" ><div id=\"pgc-1726-1-0\"  class=\"panel-grid-cell\" ><div id=\"panel-1726-1-0-0\" class=\"so-panel widget widget_black-studio-tinymce widget_black_studio_tinymce panel-first-child panel-last-child\" data-index=\"2\" ><div class=\"textwidget\"><h2>Visibilidad Total de Env\u00edos y Soluciones Para El Seguimiento Log\u00edstico<\/h2>\n<p>Con nuestra plataforma, tendr\u00e1 acceso a una visibilidad completa sobre cada aspecto de su inventario de materiales, en <strong>cualquier momento y desde cualquier lugar<\/strong>. Nuestra soluci\u00f3n le permite visualizar, entre otros, los siguientes detalles clave sobre su mercanc\u00eda:<\/p>\n<ul>\n<li><strong>N\u00famero de entrada<\/strong><\/li>\n<li><strong>N\u00famero de pedido de mercanc\u00eda<\/strong><\/li>\n<li><strong>Peso total<\/strong><\/li>\n<li><strong>Estado de inspecci\u00f3n<\/strong><\/li>\n<li><strong>Cantidad de piezas\/pallets\/cajas<\/strong><\/li>\n<li><strong>Descripciones detalladas de la mercanc\u00eda<\/strong><\/li>\n<li><strong>Fechas de recepci\u00f3n<\/strong><\/li>\n<li><strong>N\u00fameros de seguimiento<\/strong><\/li>\n<li><strong>N\u00famero de d\u00edas en el almac\u00e9n<\/strong><\/li>\n<\/ul>\n<p>Y mucho m\u00e1s, todo ello accesible a trav\u00e9s de un sistema sencillo de usar que le da el control total de su cadena de suministro. \u00a1La informaci\u00f3n que necesita, al alcance de un clic!<\/p>\n<h2>P\u00e1gina Web para Seguimiento en L\u00ednea<\/h2>\n<p>Seguir sus transacciones y operaciones con Ventus es <strong>m\u00e1s sencillo que nunca<\/strong>, gracias a nuestra plataforma de seguimiento en l\u00ednea. <strong>Visibilidad instant\u00e1nea<\/strong>, sin complicaciones, para que usted siempre est\u00e9 al tanto del progreso de sus env\u00edos. \u00a1Tome el control de su log\u00edstica con facilidad y precisi\u00f3n!<\/p>\n<h2>Funciones destacadas:<\/h2>\n<ul>\n<li><strong>Informes personalizables:<\/strong> Obtenga m\u00faltiples informes predise\u00f1ados o personalizados que le brindar\u00e1n los datos espec\u00edficos que necesita para tomar decisiones informadas en el \u00e1mbito del comercio exterior.<\/li>\n<li><strong>Inicio de sesi\u00f3n seguro:<\/strong> Nuestros clientes disfrutan de un acceso exclusivo mediante un nombre de usuario y contrase\u00f1a personalizados. Esto les permite consultar informaci\u00f3n clave sobre sus operaciones en tiempo real, como el <strong>archivo digital de cada declaraci\u00f3n de aduanas.<\/strong><\/li>\n<li><strong>Ventus Track:<\/strong> Nuestro innovador sistema de notificaci\u00f3n, <strong>Ventus Track<\/strong>, env\u00eda correos electr\u00f3nicos automatizados a su equipo, manteni\u00e9ndolo informado sobre una amplia gama de actividades log\u00edsticas, como:<\/li>\n<\/ul>\n<ul>\n<li>Llegadas al almac\u00e9n<\/li>\n<li>Informes de estado de mercanc\u00edas<\/li>\n<li>Selecci\u00f3n y pago de aduanas<\/li>\n<li>Actualizaci\u00f3n sobre la salida de la mercanc\u00eda de la zona fronteriza<\/li>\n<li>Respuestas de las aduanas estadounidenses a <strong>SED<\/strong> (Shippers Export Declaration)<\/li>\n<\/ul>\n<p>Cada acci\u00f3n es registrada y notificada al instante, lo que le garantiza <strong>transparencia y control<\/strong> durante todo el proceso.<\/p>\n<h2>Men\u00fa de Informes: Su Recurso Log\u00edstico Todo en Uno<\/h2>\n<p>Nuestro <strong>Men\u00fa de Informes<\/strong> es la herramienta definitiva para optimizar la gesti\u00f3n de su log\u00edstica. Al ser una plataforma integral, le permite acceder a una variedad de informes \u00fatiles, todo desde un \u00fanico lugar:<\/p>\n<ul>\n<li><strong>Entradas despachadas\/recibidas<\/strong><\/li>\n<li><strong>Facturaci\u00f3n del plan de carga<\/strong><\/li>\n<li><strong>Mercanc\u00edas cruzadas<\/strong><\/li>\n<li><strong>Declaraciones de aduanas pagadas<\/strong><\/li>\n<li><strong>Informaci\u00f3n diaria de inventarios: Importaci\u00f3n\/Exportaci\u00f3n<\/strong><\/li>\n<\/ul>\n<p>Con estos informes, podr\u00e1 gestionar su cadena de suministro de manera m\u00e1s eficiente y <strong>tomar decisiones informadas y oportunas<\/strong> que beneficien a su negocio.<\/p>\n<h2>\u00bfPor qu\u00e9 elegir Ventus?<\/h2>\n<p>Porque <strong>en Ventus, no solo seguimos el ritmo de su log\u00edstica, sino que lo optimizamos<\/strong>. Sabemos que tener acceso a la informaci\u00f3n correcta, en el momento adecuado, puede marcar la diferencia entre el \u00e9xito y el fracaso en el comercio internacional. Por eso, nos aseguramos de que siempre tenga <strong>visibilidad completa, control total y acceso inmediato<\/strong> a la informaci\u00f3n que necesita para llevar su negocio al siguiente nivel.<\/p>\n<p><a href=\"https:\/\/www.ventusgl.com\/es\/contactenos\/\">P\u00f3ngase en contacto con nosotros hoy mismo<\/a> y descubra c\u00f3mo nuestras soluciones de <strong>seguimiento para el log\u00edstico avanzadas<\/strong> pueden transformar la eficiencia de su cadena de suministro. Estamos aqu\u00ed para brindarle el apoyo que necesita para seguir creciendo y optimizando su operaci\u00f3n log\u00edstica.<\/p>\n<\/div><\/div><\/div><\/div><\/div>","protected":false},"excerpt":{"rendered":"<p>En Ventus, no solo hablamos de soluciones log\u00edsticas; las hacemos realidad. En nuestra empresa, entendemos que la log\u00edstica no es solo una parte de su negocio, sino el eje que mantiene en movimiento su cadena de suministro. Por eso, en Ventus ofrecemos soluciones para el seguimiento log\u00edstico pr\u00e1cticas, confiables y totalmente adaptadas a sus necesidades. &hellip;<\/p>\n","protected":false},"author":1,"featured_media":0,"parent":0,"menu_order":0,"comment_status":"closed","ping_status":"closed","template":"","meta":{"content-type":"","footnotes":""},"class_list":["post-1726","page","type-page","status-publish","hentry"],"acf":[],"yoast_head":"<!-- This site is optimized with the Yoast SEO plugin v24.1 - https:\/\/yoast.com\/wordpress\/plugins\/seo\/ -->\n<title>Soluciones Para El Seguimiento Log\u00edstico - Ventus Global Logistics<\/title>\n<meta name=\"description\" content=\"Mejora tu cadena de suministro con las soluciones para el seguimiento log\u00edstico de Ventus. Obt\u00e9n visibilidad en tiempo real, informes personalizados y acceso seguro.\" \/>\n<meta name=\"robots\" content=\"index, follow, max-snippet:-1, max-image-preview:large, max-video-preview:-1\" \/>\n<link rel=\"canonical\" href=\"https:\/\/www.ventusgl.com\/es\/soluciones-para-el-seguimiento-logistico\/\" \/>\n<meta property=\"og:locale\" content=\"en_US\" \/>\n<meta property=\"og:type\" content=\"article\" \/>\n<meta property=\"og:title\" content=\"Soluciones Para El Seguimiento Log\u00edstico - Ventus Global Logistics\" \/>\n<meta property=\"og:description\" content=\"Mejora tu cadena de suministro con las soluciones para el seguimiento log\u00edstico de Ventus. Obt\u00e9n visibilidad en tiempo real, informes personalizados y acceso seguro.\" \/>\n<meta property=\"og:url\" content=\"https:\/\/www.ventusgl.com\/es\/soluciones-para-el-seguimiento-logistico\/\" \/>\n<meta property=\"og:site_name\" content=\"Ventus Global Logistics\" \/>\n<meta property=\"article:modified_time\" content=\"2025-01-30T04:15:31+00:00\" \/>\n<meta property=\"og:image\" content=\"https:\/\/www.ventusgl.com\/es\/wp-content\/uploads\/2018\/11\/logistics-technology.jpg\" \/>\n\t<meta property=\"og:image:width\" content=\"848\" \/>\n\t<meta property=\"og:image:height\" content=\"480\" \/>\n\t<meta property=\"og:image:type\" content=\"image\/jpeg\" \/>\n<meta name=\"twitter:card\" content=\"summary_large_image\" \/>\n<meta name=\"twitter:label1\" content=\"Est. reading time\" \/>\n\t<meta name=\"twitter:data1\" content=\"4 minutes\" \/>\n<!-- \/ Yoast SEO plugin. -->","yoast_head_json":{"title":"Soluciones Para El Seguimiento Log\u00edstico - Ventus Global Logistics","description":"Mejora tu cadena de suministro con las soluciones para el seguimiento log\u00edstico de Ventus. Obt\u00e9n visibilidad en tiempo real, informes personalizados y acceso seguro.","robots":{"index":"index","follow":"follow","max-snippet":"max-snippet:-1","max-image-preview":"max-image-preview:large","max-video-preview":"max-video-preview:-1"},"canonical":"https:\/\/www.ventusgl.com\/es\/soluciones-para-el-seguimiento-logistico\/","og_locale":"en_US","og_type":"article","og_title":"Soluciones Para El Seguimiento Log\u00edstico - Ventus Global Logistics","og_description":"Mejora tu cadena de suministro con las soluciones para el seguimiento log\u00edstico de Ventus. Obt\u00e9n visibilidad en tiempo real, informes personalizados y acceso seguro.","og_url":"https:\/\/www.ventusgl.com\/es\/soluciones-para-el-seguimiento-logistico\/","og_site_name":"Ventus Global Logistics","article_modified_time":"2025-01-30T04:15:31+00:00","og_image":[{"width":848,"height":480,"url":"https:\/\/www.ventusgl.com\/es\/wp-content\/uploads\/2018\/11\/logistics-technology.jpg","type":"image\/jpeg"}],"twitter_card":"summary_large_image","twitter_misc":{"Est. reading time":"4 minutes"},"schema":{"@context":"https:\/\/schema.org","@graph":[{"@type":"WebPage","@id":"https:\/\/www.ventusgl.com\/es\/soluciones-para-el-seguimiento-logistico\/","url":"https:\/\/www.ventusgl.com\/es\/soluciones-para-el-seguimiento-logistico\/","name":"Soluciones Para El Seguimiento Log\u00edstico - Ventus Global Logistics","isPartOf":{"@id":"https:\/\/www.ventusgl.com\/es\/#website"},"primaryImageOfPage":{"@id":"https:\/\/www.ventusgl.com\/es\/soluciones-para-el-seguimiento-logistico\/#primaryimage"},"image":{"@id":"https:\/\/www.ventusgl.com\/es\/soluciones-para-el-seguimiento-logistico\/#primaryimage"},"thumbnailUrl":"https:\/\/www.ventusgl.com\/es\/wp-content\/uploads\/2018\/11\/logistics-technology-300x170.jpg","datePublished":"2024-11-25T06:27:16+00:00","dateModified":"2025-01-30T04:15:31+00:00","description":"Mejora tu cadena de suministro con las soluciones para el seguimiento log\u00edstico de Ventus. Obt\u00e9n visibilidad en tiempo real, informes personalizados y acceso seguro.","breadcrumb":{"@id":"https:\/\/www.ventusgl.com\/es\/soluciones-para-el-seguimiento-logistico\/#breadcrumb"},"inLanguage":"en","potentialAction":[{"@type":"ReadAction","target":["https:\/\/www.ventusgl.com\/es\/soluciones-para-el-seguimiento-logistico\/"]}]},{"@type":"ImageObject","inLanguage":"en","@id":"https:\/\/www.ventusgl.com\/es\/soluciones-para-el-seguimiento-logistico\/#primaryimage","url":"https:\/\/www.ventusgl.com\/es\/wp-content\/uploads\/2018\/11\/logistics-technology.jpg","contentUrl":"https:\/\/www.ventusgl.com\/es\/wp-content\/uploads\/2018\/11\/logistics-technology.jpg","width":848,"height":480,"caption":"Soluciones Para El Seguimiento Log\u00edstico"},{"@type":"BreadcrumbList","@id":"https:\/\/www.ventusgl.com\/es\/soluciones-para-el-seguimiento-logistico\/#breadcrumb","itemListElement":[{"@type":"ListItem","position":1,"name":"Home","item":"https:\/\/www.ventusgl.com\/es\/"},{"@type":"ListItem","position":2,"name":"Soluciones Para El Seguimiento Log\u00edstico"}]},{"@type":"WebSite","@id":"https:\/\/www.ventusgl.com\/es\/#website","url":"https:\/\/www.ventusgl.com\/es\/","name":"Ventus Global Logistics","description":"Let's Drive Your Business | ISO-9001-2015","potentialAction":[{"@type":"SearchAction","target":{"@type":"EntryPoint","urlTemplate":"https:\/\/www.ventusgl.com\/es\/?s={search_term_string}"},"query-input":{"@type":"PropertyValueSpecification","valueRequired":true,"valueName":"search_term_string"}}],"inLanguage":"en"}]}},"_links":{"self":[{"href":"https:\/\/www.ventusgl.com\/es\/wp-json\/wp\/v2\/pages\/1726","targetHints":{"allow":["GET"]}}],"collection":[{"href":"https:\/\/www.ventusgl.com\/es\/wp-json\/wp\/v2\/pages"}],"about":[{"href":"https:\/\/www.ventusgl.com\/es\/wp-json\/wp\/v2\/types\/page"}],"author":[{"embeddable":true,"href":"https:\/\/www.ventusgl.com\/es\/wp-json\/wp\/v2\/users\/1"}],"replies":[{"embeddable":true,"href":"https:\/\/www.ventusgl.com\/es\/wp-json\/wp\/v2\/comments?post=1726"}],"version-history":[{"count":27,"href":"https:\/\/www.ventusgl.com\/es\/wp-json\/wp\/v2\/pages\/1726\/revisions"}],"predecessor-version":[{"id":1774,"href":"https:\/\/www.ventusgl.com\/es\/wp-json\/wp\/v2\/pages\/1726\/revisions\/1774"}],"wp:attachment":[{"href":"https:\/\/www.ventusgl.com\/es\/wp-json\/wp\/v2\/media?parent=1726"}],"curies":[{"name":"wp","href":"https:\/\/api.w.org\/{rel}","templated":true}]}}