{"id":101,"date":"2015-04-23T12:39:15","date_gmt":"2015-04-23T12:39:15","guid":{"rendered":"https:\/\/xml-io.proteusthemes.com\/cargopress\/?page_id=101"},"modified":"2025-05-20T00:27:17","modified_gmt":"2025-05-20T00:27:17","slug":"mexico-y-estados-unidos-clasificaciones-arancelarias","status":"publish","type":"page","link":"https:\/\/www.ventusgl.com\/es\/servicios-de-logistica\/mexico-y-estados-unidos-clasificaciones-arancelarias\/","title":{"rendered":"Consultor\u00eda y Capacitaci\u00f3n Legal en Comercio Internacional"},"content":{"rendered":"<div id=\"pl-101\"  class=\"panel-layout\" ><div id=\"pg-101-0\"  class=\"panel-grid panel-no-style\" ><div id=\"pgc-101-0-0\"  class=\"panel-grid-cell\" ><div id=\"panel-101-0-0-0\" class=\"so-panel widget widget_black-studio-tinymce widget_black_studio_tinymce panel-first-child panel-last-child\" data-index=\"0\" ><div class=\"textwidget\"><p>En <strong>Ventus Global Logistics<\/strong>, le ofrecemos acceso a asistencia legal y de capacitaci\u00f3n especializada para garantizar que su empresa cumpla con todas las normativas comerciales internacionales. Nuestro equipo de expertos le brindar\u00e1 apoyo en \u00e1reas clave como las clasificaciones arancelarias de M\u00e9xico y EE. UU., la aplicaci\u00f3n de tratados comerciales preferenciales, capacitaci\u00f3n en comercio exterior, auditor\u00edas preventivas y soporte completo en auditor\u00edas, as\u00ed como la preparaci\u00f3n y presentaci\u00f3n de documentos ante las autoridades aduaneras.<\/p>\n<p>Cont\u00e1ctenos hoy para agendar una consulta gratuita y comenzar a optimizar su cumplimiento comercial.<\/p>\n<p><a class=\"btn    btn-info\" href=\"\/es\/contactenos\/\" target=\"_self\">SOLICITAR PRESUPUESTO<\/a><\/p>\n<\/div><\/div><\/div><div id=\"pgc-101-0-1\"  class=\"panel-grid-cell\" ><div id=\"panel-101-0-1-0\" class=\"so-panel widget widget_black-studio-tinymce widget_black_studio_tinymce panel-first-child panel-last-child\" data-index=\"1\" ><div class=\"textwidget\"><p><img loading=\"lazy\" decoding=\"async\" src=\"https:\/\/www.ventusgl.com\/es\/wp-content\/uploads\/2018\/11\/fareign-trade-legal-advice-300x170.jpg\" alt=\"CONSULTOR\u00cdA LEGAL Y CAPACITACI\u00d3N\" width=\"300\" height=\"170\" class=\"alignleft size-medium wp-image-733\" srcset=\"https:\/\/www.ventusgl.com\/es\/wp-content\/uploads\/2018\/11\/fareign-trade-legal-advice-300x170.jpg 300w, https:\/\/www.ventusgl.com\/es\/wp-content\/uploads\/2018\/11\/fareign-trade-legal-advice-768x435.jpg 768w, https:\/\/www.ventusgl.com\/es\/wp-content\/uploads\/2018\/11\/fareign-trade-legal-advice-360x204.jpg 360w, https:\/\/www.ventusgl.com\/es\/wp-content\/uploads\/2018\/11\/fareign-trade-legal-advice.jpg 848w\" sizes=\"auto, (max-width: 300px) 100vw, 300px\" \/><\/p>\n<\/div><\/div><\/div><\/div><\/div>","protected":false},"excerpt":{"rendered":"<p>En Ventus Global Logistics, le ofrecemos acceso a asistencia legal y de capacitaci\u00f3n especializada para garantizar que su empresa cumpla con todas las normativas comerciales internacionales. Nuestro equipo de expertos le brindar\u00e1 apoyo en \u00e1reas clave como las clasificaciones arancelarias de M\u00e9xico y EE. UU., la aplicaci\u00f3n de tratados comerciales preferenciales, capacitaci\u00f3n en comercio exterior, &hellip;<\/p>\n","protected":false},"author":1,"featured_media":733,"parent":76,"menu_order":0,"comment_status":"closed","ping_status":"open","template":"","meta":{"content-type":"","footnotes":""},"class_list":["post-101","page","type-page","status-publish","has-post-thumbnail","hentry"],"acf":[],"yoast_head":"<!-- This site is optimized with the Yoast SEO plugin v24.1 - https:\/\/yoast.com\/wordpress\/plugins\/seo\/ -->\n<title>Clasificaci\u00f3n Arancelaria en MX &amp; EE. UU - Ventus Global Logistics<\/title>\n<meta name=\"description\" content=\"Clasificaci\u00f3n arancelaria experta para M\u00e9xico y EE. UU. Evita errores y optimiza tus importaciones\/exportaciones. \u00a1Ventus GL, tu gu\u00eda aduanal!\" \/>\n<meta name=\"robots\" content=\"index, follow, max-snippet:-1, max-image-preview:large, max-video-preview:-1\" \/>\n<link rel=\"canonical\" href=\"https:\/\/www.ventusgl.com\/es\/servicios-de-logistica\/mexico-y-estados-unidos-clasificaciones-arancelarias\/\" \/>\n<meta property=\"og:locale\" content=\"en_US\" \/>\n<meta property=\"og:type\" content=\"article\" \/>\n<meta property=\"og:title\" content=\"Clasificaci\u00f3n Arancelaria en MX &amp; EE. UU - Ventus Global Logistics\" \/>\n<meta property=\"og:description\" content=\"Clasificaci\u00f3n arancelaria experta para M\u00e9xico y EE. UU. Evita errores y optimiza tus importaciones\/exportaciones. \u00a1Ventus GL, tu gu\u00eda aduanal!\" \/>\n<meta property=\"og:url\" content=\"https:\/\/www.ventusgl.com\/es\/servicios-de-logistica\/mexico-y-estados-unidos-clasificaciones-arancelarias\/\" \/>\n<meta property=\"og:site_name\" content=\"Ventus Global Logistics\" \/>\n<meta property=\"article:modified_time\" content=\"2025-05-20T00:27:17+00:00\" \/>\n<meta property=\"og:image\" content=\"https:\/\/www.ventusgl.com\/es\/wp-content\/uploads\/2018\/11\/fareign-trade-legal-advice.jpg\" \/>\n\t<meta property=\"og:image:width\" content=\"848\" \/>\n\t<meta property=\"og:image:height\" content=\"480\" \/>\n\t<meta property=\"og:image:type\" content=\"image\/jpeg\" \/>\n<meta name=\"twitter:card\" content=\"summary_large_image\" \/>\n<meta name=\"twitter:label1\" content=\"Est. reading time\" \/>\n\t<meta name=\"twitter:data1\" content=\"1 minute\" \/>\n<!-- \/ Yoast SEO plugin. -->","yoast_head_json":{"title":"Clasificaci\u00f3n Arancelaria en MX & EE. UU - Ventus Global Logistics","description":"Clasificaci\u00f3n arancelaria experta para M\u00e9xico y EE. UU. Evita errores y optimiza tus importaciones\/exportaciones. \u00a1Ventus GL, tu gu\u00eda aduanal!","robots":{"index":"index","follow":"follow","max-snippet":"max-snippet:-1","max-image-preview":"max-image-preview:large","max-video-preview":"max-video-preview:-1"},"canonical":"https:\/\/www.ventusgl.com\/es\/servicios-de-logistica\/mexico-y-estados-unidos-clasificaciones-arancelarias\/","og_locale":"en_US","og_type":"article","og_title":"Clasificaci\u00f3n Arancelaria en MX & EE. UU - Ventus Global Logistics","og_description":"Clasificaci\u00f3n arancelaria experta para M\u00e9xico y EE. UU. Evita errores y optimiza tus importaciones\/exportaciones. \u00a1Ventus GL, tu gu\u00eda aduanal!","og_url":"https:\/\/www.ventusgl.com\/es\/servicios-de-logistica\/mexico-y-estados-unidos-clasificaciones-arancelarias\/","og_site_name":"Ventus Global Logistics","article_modified_time":"2025-05-20T00:27:17+00:00","og_image":[{"width":848,"height":480,"url":"https:\/\/www.ventusgl.com\/es\/wp-content\/uploads\/2018\/11\/fareign-trade-legal-advice.jpg","type":"image\/jpeg"}],"twitter_card":"summary_large_image","twitter_misc":{"Est. reading time":"1 minute"},"schema":{"@context":"https:\/\/schema.org","@graph":[{"@type":"WebPage","@id":"https:\/\/www.ventusgl.com\/es\/servicios-de-logistica\/mexico-y-estados-unidos-clasificaciones-arancelarias\/","url":"https:\/\/www.ventusgl.com\/es\/servicios-de-logistica\/mexico-y-estados-unidos-clasificaciones-arancelarias\/","name":"Clasificaci\u00f3n Arancelaria en MX & EE. UU - Ventus Global Logistics","isPartOf":{"@id":"https:\/\/www.ventusgl.com\/es\/#website"},"primaryImageOfPage":{"@id":"https:\/\/www.ventusgl.com\/es\/servicios-de-logistica\/mexico-y-estados-unidos-clasificaciones-arancelarias\/#primaryimage"},"image":{"@id":"https:\/\/www.ventusgl.com\/es\/servicios-de-logistica\/mexico-y-estados-unidos-clasificaciones-arancelarias\/#primaryimage"},"thumbnailUrl":"https:\/\/www.ventusgl.com\/es\/wp-content\/uploads\/2018\/11\/fareign-trade-legal-advice.jpg","datePublished":"2015-04-23T12:39:15+00:00","dateModified":"2025-05-20T00:27:17+00:00","description":"Clasificaci\u00f3n arancelaria experta para M\u00e9xico y EE. UU. Evita errores y optimiza tus importaciones\/exportaciones. \u00a1Ventus GL, tu gu\u00eda aduanal!","breadcrumb":{"@id":"https:\/\/www.ventusgl.com\/es\/servicios-de-logistica\/mexico-y-estados-unidos-clasificaciones-arancelarias\/#breadcrumb"},"inLanguage":"en","potentialAction":[{"@type":"ReadAction","target":["https:\/\/www.ventusgl.com\/es\/servicios-de-logistica\/mexico-y-estados-unidos-clasificaciones-arancelarias\/"]}]},{"@type":"ImageObject","inLanguage":"en","@id":"https:\/\/www.ventusgl.com\/es\/servicios-de-logistica\/mexico-y-estados-unidos-clasificaciones-arancelarias\/#primaryimage","url":"https:\/\/www.ventusgl.com\/es\/wp-content\/uploads\/2018\/11\/fareign-trade-legal-advice.jpg","contentUrl":"https:\/\/www.ventusgl.com\/es\/wp-content\/uploads\/2018\/11\/fareign-trade-legal-advice.jpg","width":848,"height":480,"caption":"CONSULTOR\u00cdA LEGAL Y CAPACITACI\u00d3N"},{"@type":"BreadcrumbList","@id":"https:\/\/www.ventusgl.com\/es\/servicios-de-logistica\/mexico-y-estados-unidos-clasificaciones-arancelarias\/#breadcrumb","itemListElement":[{"@type":"ListItem","position":1,"name":"Home","item":"https:\/\/www.ventusgl.com\/es\/"},{"@type":"ListItem","position":2,"name":"Nuestros Servicios","item":"https:\/\/www.ventusgl.com\/es\/servicios-de-logistica\/"},{"@type":"ListItem","position":3,"name":"Consultor\u00eda y Capacitaci\u00f3n Legal en Comercio Internacional"}]},{"@type":"WebSite","@id":"https:\/\/www.ventusgl.com\/es\/#website","url":"https:\/\/www.ventusgl.com\/es\/","name":"Ventus Global Logistics","description":"Let's Drive Your Business | ISO-9001-2015","potentialAction":[{"@type":"SearchAction","target":{"@type":"EntryPoint","urlTemplate":"https:\/\/www.ventusgl.com\/es\/?s={search_term_string}"},"query-input":{"@type":"PropertyValueSpecification","valueRequired":true,"valueName":"search_term_string"}}],"inLanguage":"en"}]}},"_links":{"self":[{"href":"https:\/\/www.ventusgl.com\/es\/wp-json\/wp\/v2\/pages\/101","targetHints":{"allow":["GET"]}}],"collection":[{"href":"https:\/\/www.ventusgl.com\/es\/wp-json\/wp\/v2\/pages"}],"about":[{"href":"https:\/\/www.ventusgl.com\/es\/wp-json\/wp\/v2\/types\/page"}],"author":[{"embeddable":true,"href":"https:\/\/www.ventusgl.com\/es\/wp-json\/wp\/v2\/users\/1"}],"replies":[{"embeddable":true,"href":"https:\/\/www.ventusgl.com\/es\/wp-json\/wp\/v2\/comments?post=101"}],"version-history":[{"count":18,"href":"https:\/\/www.ventusgl.com\/es\/wp-json\/wp\/v2\/pages\/101\/revisions"}],"predecessor-version":[{"id":1855,"href":"https:\/\/www.ventusgl.com\/es\/wp-json\/wp\/v2\/pages\/101\/revisions\/1855"}],"up":[{"embeddable":true,"href":"https:\/\/www.ventusgl.com\/es\/wp-json\/wp\/v2\/pages\/76"}],"wp:featuredmedia":[{"embeddable":true,"href":"https:\/\/www.ventusgl.com\/es\/wp-json\/wp\/v2\/media\/733"}],"wp:attachment":[{"href":"https:\/\/www.ventusgl.com\/es\/wp-json\/wp\/v2\/media?parent=101"}],"curies":[{"name":"wp","href":"https:\/\/api.w.org\/{rel}","templated":true}]}}